{"id":14003,"date":"2017-09-29T10:57:00","date_gmt":"2017-09-29T08:57:00","guid":{"rendered":"https:\/\/mercura.test-sites.fr\/?page_id=14003"},"modified":"2017-09-29T11:00:09","modified_gmt":"2017-09-29T09:00:09","slug":"hacer-un-pedido","status":"publish","type":"page","link":"https:\/\/mercura.test-sites.fr\/es\/hacer-un-pedido\/","title":{"rendered":"Hacer un pedido"},"content":{"rendered":"<h1>Hacer un pedido<\/h1>\n<h2>\u00a1Desea pedir productos Mercura, nada m\u00e1s sencillo, siga los siguientes pasos!<\/h2>\n<p>&nbsp;<\/p>\n<h2>Etapa 1<\/h2>\n<p>Creaci\u00f3n de una cuenta de cliente. : Crear una cuenta de cliente es gratis en Mercura<br \/>\nSi ya eres cliente Mercura pasar por este paso.<br \/>\nPor favor env\u00edenos la siguiente informaci\u00f3n:<\/p>\n<p>Raz\u00f3n social<br \/>\nservicio<br \/>\nNombre de la persona de contacto<br \/>\nForma jur\u00eddica (SA, SARL, SAS &#8230;)<br \/>\nN\u00famero de SIRET<br \/>\nIdentificaci\u00f3n intracomunitaria del IVA \/ CEE<br \/>\nC\u00f3digo NAF (APE)<\/p>\n<p>Direcci\u00f3n de facturaci\u00f3n:<\/p>\n<p>Tel\u00e9fono :<br \/>\nFax:<br \/>\nCorreo electr\u00f3nico:<\/p>\n<p>Direcci\u00f3n de entrega (si es diferente de la facturaci\u00f3n)<br \/>\nTel\u00e9fono :<br \/>\nFax:<br \/>\nCorreo electr\u00f3nico:<\/p>\n<p>RIB: Declaraci\u00f3n de Identidad Bancaria<\/p>\n<h2><\/h2>\n<h2>Etapa 2<\/h2>\n<p>Descargue el formulario de pedido a continuaci\u00f3n.<\/p>\n<p><a href=\"https:\/\/mercura.test-sites.fr\/media\/uploads\/2017\/09\/Bon-de-commande.jpg\"><img decoding=\"async\" loading=\"lazy\" class=\"wp-image-14004 aligncenter\" src=\"https:\/\/mercura.test-sites.fr\/media\/uploads\/2017\/09\/Bon-de-commande.jpg\" alt=\"\" width=\"245\" height=\"404\" \/><\/a><\/p>\n<h3><\/h3>\n<h3>Etapa 3<\/h3>\n<p>Introduzca los c\u00f3digos y cantidades de art\u00edculos deseados. Firma, fecha y estampa a tu organizaci\u00f3n.<\/p>\n<p>&nbsp;<\/p>\n<p>&nbsp;<\/p>\n<h2>Etapa 4<\/h2>\n<p>Env\u00ede el conjunto a las coordenadas siguientes:<\/p>\n<p><strong>EXPORT France<\/strong><\/p>\n<p>Email: \u00a0<a href=\"mailto:export@mercura.fr\">export@mercura.fr<\/a><\/p>\n<p>4 Rue Louis Pasteur \u2013 CS 40053<br \/>\n41261 LA CHAUSSEE SAINT VICTOR CEDEX<\/p>\n<p>T\u00e9l. 02 54 57 52 52 \u2013 Fax 02 54 56 80 00<\/p>\n<h2><\/h2>\n<h2>Etapa 5<\/h2>\n<p>Uno de nuestros asesores se pondr\u00e1 en contacto con usted lo antes posible y le enviar\u00e1 un acuse de recibo de su pedido, as\u00ed como los plazos de entrega.<\/p>\n<table class=\"mceItemTable\" border=\"0\" width=\"684\">\n<tbody>\n<tr>\n<td><img decoding=\"async\" loading=\"lazy\" class=\"alignnone wp-image-14007\" src=\"https:\/\/mercura.test-sites.fr\/media\/uploads\/2017\/09\/CB.jpg\" alt=\"\" width=\"72\" height=\"79\" srcset=\"https:\/\/mercura.test-sites.fr\/media\/uploads\/2017\/09\/CB.jpg 315w, https:\/\/mercura.test-sites.fr\/media\/uploads\/2017\/09\/CB-300x328.jpg 300w\" sizes=\"(max-width: 72px) 100vw, 72px\" \/><\/td>\n<td>Para simplificar sus procedimientos administrativos y asegurar sus pagos, estamos equipados para aceptar el pago con tarjeta de cr\u00e9dito.<\/td>\n<\/tr>\n<\/tbody>\n<\/table>\n<p>&nbsp;<\/p>\n","protected":false},"excerpt":{"rendered":"<p>Hacer un pedido \u00a1Desea pedir productos Mercura, nada m\u00e1s sencillo, siga los siguientes pasos! &nbsp; Etapa 1 Creaci\u00f3n de una cuenta de cliente. : Crear una cuenta de cliente [&hellip;]<\/p>\n","protected":false},"author":8,"featured_media":0,"parent":0,"menu_order":0,"comment_status":"closed","ping_status":"closed","template":"","meta":[],"acf":[],"yoast_head":"<!-- This site is optimized with the Yoast SEO plugin v19.14 - https:\/\/yoast.com\/wordpress\/plugins\/seo\/ -->\n<title>Hacer un pedido - Mercura<\/title>\n<meta name=\"robots\" content=\"noindex, follow, max-snippet:-1, max-image-preview:large, max-video-preview:-1\" \/>\n<meta name=\"twitter:label1\" content=\"Tiempo de lectura\" \/>\n\t<meta name=\"twitter:data1\" content=\"1 minuto\" \/>\n<script type=\"application\/ld+json\" class=\"yoast-schema-graph\">{\"@context\":\"https:\/\/schema.org\",\"@graph\":[{\"@type\":\"WebPage\",\"@id\":\"https:\/\/mercura.test-sites.fr\/es\/hacer-un-pedido\/\",\"url\":\"https:\/\/mercura.test-sites.fr\/es\/hacer-un-pedido\/\",\"name\":\"Hacer un pedido - Mercura\",\"isPartOf\":{\"@id\":\"https:\/\/mercura.test-sites.fr\/#website\"},\"datePublished\":\"2017-09-29T08:57:00+00:00\",\"dateModified\":\"2017-09-29T09:00:09+00:00\",\"breadcrumb\":{\"@id\":\"https:\/\/mercura.test-sites.fr\/es\/hacer-un-pedido\/#breadcrumb\"},\"inLanguage\":\"es\",\"potentialAction\":[{\"@type\":\"ReadAction\",\"target\":[\"https:\/\/mercura.test-sites.fr\/es\/hacer-un-pedido\/\"]}]},{\"@type\":\"BreadcrumbList\",\"@id\":\"https:\/\/mercura.test-sites.fr\/es\/hacer-un-pedido\/#breadcrumb\",\"itemListElement\":[{\"@type\":\"ListItem\",\"position\":1,\"name\":\"Home\",\"item\":\"https:\/\/mercura.test-sites.fr\/es\/home\/\"},{\"@type\":\"ListItem\",\"position\":2,\"name\":\"Hacer un pedido\"}]},{\"@type\":\"WebSite\",\"@id\":\"https:\/\/mercura.test-sites.fr\/#website\",\"url\":\"https:\/\/mercura.test-sites.fr\/\",\"name\":\"Mercura\",\"description\":\"\",\"publisher\":{\"@id\":\"https:\/\/mercura.test-sites.fr\/#organization\"},\"potentialAction\":[{\"@type\":\"SearchAction\",\"target\":{\"@type\":\"EntryPoint\",\"urlTemplate\":\"https:\/\/mercura.test-sites.fr\/?s={search_term_string}\"},\"query-input\":\"required name=search_term_string\"}],\"inLanguage\":\"es\"},{\"@type\":\"Organization\",\"@id\":\"https:\/\/mercura.test-sites.fr\/#organization\",\"name\":\"MERCURA\",\"url\":\"https:\/\/mercura.test-sites.fr\/\",\"logo\":{\"@type\":\"ImageObject\",\"inLanguage\":\"es\",\"@id\":\"https:\/\/mercura.test-sites.fr\/#\/schema\/logo\/image\/\",\"url\":\"https:\/\/mercura.test-sites.fr\/media\/uploads\/2022\/01\/standby-mercura-c-rvb-1-e1641214404108.jpg\",\"contentUrl\":\"https:\/\/mercura.test-sites.fr\/media\/uploads\/2022\/01\/standby-mercura-c-rvb-1-e1641214404108.jpg\",\"width\":\"200\",\"height\":\"76\",\"caption\":\"MERCURA\"},\"image\":{\"@id\":\"https:\/\/mercura.test-sites.fr\/#\/schema\/logo\/image\/\"}}]}<\/script>\n<!-- \/ Yoast SEO plugin. -->","yoast_head_json":{"title":"Hacer un pedido - Mercura","robots":{"index":"noindex","follow":"follow","max-snippet":"max-snippet:-1","max-image-preview":"max-image-preview:large","max-video-preview":"max-video-preview:-1"},"twitter_misc":{"Tiempo de lectura":"1 minuto"},"schema":{"@context":"https:\/\/schema.org","@graph":[{"@type":"WebPage","@id":"https:\/\/mercura.test-sites.fr\/es\/hacer-un-pedido\/","url":"https:\/\/mercura.test-sites.fr\/es\/hacer-un-pedido\/","name":"Hacer un pedido - Mercura","isPartOf":{"@id":"https:\/\/mercura.test-sites.fr\/#website"},"datePublished":"2017-09-29T08:57:00+00:00","dateModified":"2017-09-29T09:00:09+00:00","breadcrumb":{"@id":"https:\/\/mercura.test-sites.fr\/es\/hacer-un-pedido\/#breadcrumb"},"inLanguage":"es","potentialAction":[{"@type":"ReadAction","target":["https:\/\/mercura.test-sites.fr\/es\/hacer-un-pedido\/"]}]},{"@type":"BreadcrumbList","@id":"https:\/\/mercura.test-sites.fr\/es\/hacer-un-pedido\/#breadcrumb","itemListElement":[{"@type":"ListItem","position":1,"name":"Home","item":"https:\/\/mercura.test-sites.fr\/es\/home\/"},{"@type":"ListItem","position":2,"name":"Hacer un pedido"}]},{"@type":"WebSite","@id":"https:\/\/mercura.test-sites.fr\/#website","url":"https:\/\/mercura.test-sites.fr\/","name":"Mercura","description":"","publisher":{"@id":"https:\/\/mercura.test-sites.fr\/#organization"},"potentialAction":[{"@type":"SearchAction","target":{"@type":"EntryPoint","urlTemplate":"https:\/\/mercura.test-sites.fr\/?s={search_term_string}"},"query-input":"required name=search_term_string"}],"inLanguage":"es"},{"@type":"Organization","@id":"https:\/\/mercura.test-sites.fr\/#organization","name":"MERCURA","url":"https:\/\/mercura.test-sites.fr\/","logo":{"@type":"ImageObject","inLanguage":"es","@id":"https:\/\/mercura.test-sites.fr\/#\/schema\/logo\/image\/","url":"https:\/\/mercura.test-sites.fr\/media\/uploads\/2022\/01\/standby-mercura-c-rvb-1-e1641214404108.jpg","contentUrl":"https:\/\/mercura.test-sites.fr\/media\/uploads\/2022\/01\/standby-mercura-c-rvb-1-e1641214404108.jpg","width":"200","height":"76","caption":"MERCURA"},"image":{"@id":"https:\/\/mercura.test-sites.fr\/#\/schema\/logo\/image\/"}}]}},"_links":{"self":[{"href":"https:\/\/mercura.test-sites.fr\/es\/wp-json\/wp\/v2\/pages\/14003"}],"collection":[{"href":"https:\/\/mercura.test-sites.fr\/es\/wp-json\/wp\/v2\/pages"}],"about":[{"href":"https:\/\/mercura.test-sites.fr\/es\/wp-json\/wp\/v2\/types\/page"}],"author":[{"embeddable":true,"href":"https:\/\/mercura.test-sites.fr\/es\/wp-json\/wp\/v2\/users\/8"}],"replies":[{"embeddable":true,"href":"https:\/\/mercura.test-sites.fr\/es\/wp-json\/wp\/v2\/comments?post=14003"}],"version-history":[{"count":2,"href":"https:\/\/mercura.test-sites.fr\/es\/wp-json\/wp\/v2\/pages\/14003\/revisions"}],"predecessor-version":[{"id":14014,"href":"https:\/\/mercura.test-sites.fr\/es\/wp-json\/wp\/v2\/pages\/14003\/revisions\/14014"}],"wp:attachment":[{"href":"https:\/\/mercura.test-sites.fr\/es\/wp-json\/wp\/v2\/media?parent=14003"}],"curies":[{"name":"wp","href":"https:\/\/api.w.org\/{rel}","templated":true}]}}