{"id":13954,"date":"2017-09-28T16:28:51","date_gmt":"2017-09-28T14:28:51","guid":{"rendered":"https:\/\/mercura.test-sites.fr\/?page_id=13954"},"modified":"2017-09-29T09:17:54","modified_gmt":"2017-09-29T07:17:54","slug":"reciclaje","status":"publish","type":"page","link":"https:\/\/mercura.test-sites.fr\/es\/servicio-posventa\/reciclaje\/","title":{"rendered":"Reciclaje"},"content":{"rendered":"<h1>Reciclaje<\/h1>\n<p>Mercura\u00ae le propone una soluci\u00f3n para la gesti\u00f3n de los desechos<\/p>\n<p>&nbsp;<\/p>\n<p>Como fabricante y proveedor de productos electr\u00f3nicos durante m\u00e1s de 20 a\u00f1os, MERCURA ha establecido una cadena de tratamiento y reciclaje de residuos.<\/p>\n<p>Ya sea por razones econ\u00f3micas, t\u00e9cnicas u de obsolescencia, todos los equipos no pueden ser reparados. MERCURA, a trav\u00e9s de sus socios, desconstruye y revaloriza los materiales irreparables u obsoletos de sus clientes. La separaci\u00f3n y clasificaci\u00f3n de las materias primas se lleva a cabo aguas arriba de los diversos canales de reciclado aprobados. MERCURA ofrece su experiencia y red profesional para el desmantelamiento, modernizaci\u00f3n y reciclaje de sus equipos, respetando los canales reconocidos de WEEE para un mejor respeto al medio ambiente.<\/p>\n<p>&nbsp;<\/p>\n<p>Usted puede enviar a Mercura los productos viejos de nuestra marca a la direcci\u00f3n abajo.<\/p>\n<p>Nos encargaremos del desmantelamiento o reciclaje de estos productos por cuenta propia.<\/p>\n<p>Descargue el cup\u00f3n de devoluci\u00f3n que aparece a continuaci\u00f3n y p\u00f3ngalo en su paquete:<\/p>\n<p>&nbsp;<\/p>\n<p>&nbsp;<\/p>\n<p>&nbsp;<\/p>\n<p>Los productos contenidos en este paquete est\u00e1n destinados a la destrucci\u00f3n o reciclado y no pueden en ning\u00fan caso ser objeto de una solicitud de devoluci\u00f3n al remitente.<\/p>\n","protected":false},"excerpt":{"rendered":"<p>Reciclaje Mercura\u00ae le propone una soluci\u00f3n para la gesti\u00f3n de los desechos &nbsp; Como fabricante y proveedor de productos electr\u00f3nicos durante m\u00e1s de 20 a\u00f1os, MERCURA ha establecido una [&hellip;]<\/p>\n","protected":false},"author":8,"featured_media":0,"parent":13940,"menu_order":0,"comment_status":"closed","ping_status":"closed","template":"","meta":[],"acf":[],"yoast_head":"<!-- This site is optimized with the Yoast SEO plugin v19.14 - https:\/\/yoast.com\/wordpress\/plugins\/seo\/ -->\n<title>Reciclaje - Mercura<\/title>\n<meta name=\"robots\" content=\"noindex, follow, max-snippet:-1, max-image-preview:large, max-video-preview:-1\" \/>\n<meta name=\"twitter:label1\" content=\"Tiempo de lectura\" \/>\n\t<meta name=\"twitter:data1\" content=\"1 minuto\" \/>\n<script type=\"application\/ld+json\" class=\"yoast-schema-graph\">{\"@context\":\"https:\/\/schema.org\",\"@graph\":[{\"@type\":\"WebPage\",\"@id\":\"https:\/\/mercura.test-sites.fr\/es\/servicio-posventa\/reciclaje\/\",\"url\":\"https:\/\/mercura.test-sites.fr\/es\/servicio-posventa\/reciclaje\/\",\"name\":\"Reciclaje - Mercura\",\"isPartOf\":{\"@id\":\"https:\/\/mercura.test-sites.fr\/#website\"},\"datePublished\":\"2017-09-28T14:28:51+00:00\",\"dateModified\":\"2017-09-29T07:17:54+00:00\",\"breadcrumb\":{\"@id\":\"https:\/\/mercura.test-sites.fr\/es\/servicio-posventa\/reciclaje\/#breadcrumb\"},\"inLanguage\":\"es\",\"potentialAction\":[{\"@type\":\"ReadAction\",\"target\":[\"https:\/\/mercura.test-sites.fr\/es\/servicio-posventa\/reciclaje\/\"]}]},{\"@type\":\"BreadcrumbList\",\"@id\":\"https:\/\/mercura.test-sites.fr\/es\/servicio-posventa\/reciclaje\/#breadcrumb\",\"itemListElement\":[{\"@type\":\"ListItem\",\"position\":1,\"name\":\"Home\",\"item\":\"https:\/\/mercura.test-sites.fr\/es\/home\/\"},{\"@type\":\"ListItem\",\"position\":2,\"name\":\"Servicio Posventa\",\"item\":\"https:\/\/mercura.test-sites.fr\/es\/servicio-posventa\/\"},{\"@type\":\"ListItem\",\"position\":3,\"name\":\"Reciclaje\"}]},{\"@type\":\"WebSite\",\"@id\":\"https:\/\/mercura.test-sites.fr\/#website\",\"url\":\"https:\/\/mercura.test-sites.fr\/\",\"name\":\"Mercura\",\"description\":\"\",\"publisher\":{\"@id\":\"https:\/\/mercura.test-sites.fr\/#organization\"},\"potentialAction\":[{\"@type\":\"SearchAction\",\"target\":{\"@type\":\"EntryPoint\",\"urlTemplate\":\"https:\/\/mercura.test-sites.fr\/?s={search_term_string}\"},\"query-input\":\"required name=search_term_string\"}],\"inLanguage\":\"es\"},{\"@type\":\"Organization\",\"@id\":\"https:\/\/mercura.test-sites.fr\/#organization\",\"name\":\"MERCURA\",\"url\":\"https:\/\/mercura.test-sites.fr\/\",\"logo\":{\"@type\":\"ImageObject\",\"inLanguage\":\"es\",\"@id\":\"https:\/\/mercura.test-sites.fr\/#\/schema\/logo\/image\/\",\"url\":\"https:\/\/mercura.test-sites.fr\/media\/uploads\/2022\/01\/standby-mercura-c-rvb-1-e1641214404108.jpg\",\"contentUrl\":\"https:\/\/mercura.test-sites.fr\/media\/uploads\/2022\/01\/standby-mercura-c-rvb-1-e1641214404108.jpg\",\"width\":\"200\",\"height\":\"76\",\"caption\":\"MERCURA\"},\"image\":{\"@id\":\"https:\/\/mercura.test-sites.fr\/#\/schema\/logo\/image\/\"}}]}<\/script>\n<!-- \/ Yoast SEO plugin. -->","yoast_head_json":{"title":"Reciclaje - Mercura","robots":{"index":"noindex","follow":"follow","max-snippet":"max-snippet:-1","max-image-preview":"max-image-preview:large","max-video-preview":"max-video-preview:-1"},"twitter_misc":{"Tiempo de lectura":"1 minuto"},"schema":{"@context":"https:\/\/schema.org","@graph":[{"@type":"WebPage","@id":"https:\/\/mercura.test-sites.fr\/es\/servicio-posventa\/reciclaje\/","url":"https:\/\/mercura.test-sites.fr\/es\/servicio-posventa\/reciclaje\/","name":"Reciclaje - Mercura","isPartOf":{"@id":"https:\/\/mercura.test-sites.fr\/#website"},"datePublished":"2017-09-28T14:28:51+00:00","dateModified":"2017-09-29T07:17:54+00:00","breadcrumb":{"@id":"https:\/\/mercura.test-sites.fr\/es\/servicio-posventa\/reciclaje\/#breadcrumb"},"inLanguage":"es","potentialAction":[{"@type":"ReadAction","target":["https:\/\/mercura.test-sites.fr\/es\/servicio-posventa\/reciclaje\/"]}]},{"@type":"BreadcrumbList","@id":"https:\/\/mercura.test-sites.fr\/es\/servicio-posventa\/reciclaje\/#breadcrumb","itemListElement":[{"@type":"ListItem","position":1,"name":"Home","item":"https:\/\/mercura.test-sites.fr\/es\/home\/"},{"@type":"ListItem","position":2,"name":"Servicio Posventa","item":"https:\/\/mercura.test-sites.fr\/es\/servicio-posventa\/"},{"@type":"ListItem","position":3,"name":"Reciclaje"}]},{"@type":"WebSite","@id":"https:\/\/mercura.test-sites.fr\/#website","url":"https:\/\/mercura.test-sites.fr\/","name":"Mercura","description":"","publisher":{"@id":"https:\/\/mercura.test-sites.fr\/#organization"},"potentialAction":[{"@type":"SearchAction","target":{"@type":"EntryPoint","urlTemplate":"https:\/\/mercura.test-sites.fr\/?s={search_term_string}"},"query-input":"required name=search_term_string"}],"inLanguage":"es"},{"@type":"Organization","@id":"https:\/\/mercura.test-sites.fr\/#organization","name":"MERCURA","url":"https:\/\/mercura.test-sites.fr\/","logo":{"@type":"ImageObject","inLanguage":"es","@id":"https:\/\/mercura.test-sites.fr\/#\/schema\/logo\/image\/","url":"https:\/\/mercura.test-sites.fr\/media\/uploads\/2022\/01\/standby-mercura-c-rvb-1-e1641214404108.jpg","contentUrl":"https:\/\/mercura.test-sites.fr\/media\/uploads\/2022\/01\/standby-mercura-c-rvb-1-e1641214404108.jpg","width":"200","height":"76","caption":"MERCURA"},"image":{"@id":"https:\/\/mercura.test-sites.fr\/#\/schema\/logo\/image\/"}}]}},"_links":{"self":[{"href":"https:\/\/mercura.test-sites.fr\/es\/wp-json\/wp\/v2\/pages\/13954"}],"collection":[{"href":"https:\/\/mercura.test-sites.fr\/es\/wp-json\/wp\/v2\/pages"}],"about":[{"href":"https:\/\/mercura.test-sites.fr\/es\/wp-json\/wp\/v2\/types\/page"}],"author":[{"embeddable":true,"href":"https:\/\/mercura.test-sites.fr\/es\/wp-json\/wp\/v2\/users\/8"}],"replies":[{"embeddable":true,"href":"https:\/\/mercura.test-sites.fr\/es\/wp-json\/wp\/v2\/comments?post=13954"}],"version-history":[{"count":3,"href":"https:\/\/mercura.test-sites.fr\/es\/wp-json\/wp\/v2\/pages\/13954\/revisions"}],"predecessor-version":[{"id":13991,"href":"https:\/\/mercura.test-sites.fr\/es\/wp-json\/wp\/v2\/pages\/13954\/revisions\/13991"}],"up":[{"embeddable":true,"href":"https:\/\/mercura.test-sites.fr\/es\/wp-json\/wp\/v2\/pages\/13940"}],"wp:attachment":[{"href":"https:\/\/mercura.test-sites.fr\/es\/wp-json\/wp\/v2\/media?parent=13954"}],"curies":[{"name":"wp","href":"https:\/\/api.w.org\/{rel}","templated":true}]}}