{"id":13952,"date":"2017-09-28T16:28:17","date_gmt":"2017-09-28T14:28:17","guid":{"rendered":"https:\/\/mercura.test-sites.fr\/?page_id=13952"},"modified":"2022-05-23T10:45:26","modified_gmt":"2022-05-23T08:45:26","slug":"devolucion-del-producto","status":"publish","type":"page","link":"https:\/\/mercura.test-sites.fr\/es\/servicio-posventa\/devolucion-del-producto\/","title":{"rendered":"Devoluci\u00f3n del producto"},"content":{"rendered":"<h1>Devoluci\u00f3n del producto<\/h1>\n<p>Formulario RMA para solicitar la devoluci\u00f3n del producto (reparaci\u00f3n, intercambio)<\/p>\n<p>&nbsp;<\/p>\n<p>Prestamos especial atenci\u00f3n al servicio post-venta de nuestros productos.<\/p>\n<p>Con el fin de mejorar nuestro rendimiento y proporcionarle un servicio cada vez m\u00e1s \u00f3ptimo, hemos creado esta secci\u00f3n que le permite gestionar sus solicitudes de acuerdos de devoluci\u00f3n de productos.<\/p>\n<p>&nbsp;<\/p>\n<h3 style=\"text-align: center;\"><a href=\"http:\/\/www.savmercura.com\/MachForm\/upload\/view.php?id=37\">Rellene el formulario en l\u00ednea.<\/a><\/h3>\n<p>&nbsp;<\/p>\n<p><em>Rellenar el formulario s\u00f3lo tardar\u00e1 unos minutos y podremos procesar su solicitud tan pronto como tengamos todas las informaciones necesarias.<\/em><\/p>\n<p>&nbsp;<\/p>\n<p><em>Por favor, haga una solicitud por instalaci\u00f3n (sistema o veh\u00edculo), es decir, todos los elementos que componen el mismo kit o instalaci\u00f3n. Para dos sistemas o dos veh\u00edculos diferentes hacen 2 solicitudes de RMA incluso si los productos son similares. Para productos de stock, Ej. Varias luces id\u00e9nticas, s\u00f3lo es posible una solicitud.<\/em><\/p>\n<p><em>En el check-in le pediremos cierta informaci\u00f3n que puede encontrar en su factura.<\/em><\/p>\n<p>&nbsp;<\/p>\n<p style=\"text-align: center; color: red; font-size: medium;\">Si necesita una parte de emergencia (cambio anticipado),<\/p>\n<p style=\"text-align: center; color: red; font-size: medium;\">asistencia t\u00e9cnica o informe de un incidente,<\/p>\n<p style=\"text-align: center; color: red; font-size: medium;\">p\u00f3ngase en contacto con nosotros: <a href=\"https:\/\/mercura.test-sites.fr\/es\/servicio-posventa\/asistencia-tecnica\/\">Asistencia t\u00e9cnica<\/a><\/p>\n<p>&nbsp;<\/p>\n<p>Los productos recibidos sin un acuerdo de devoluci\u00f3n ser\u00e1n devueltos sistem\u00e1ticamente a su cargador.<\/p>\n","protected":false},"excerpt":{"rendered":"<p>Devoluci\u00f3n del producto Formulario RMA para solicitar la devoluci\u00f3n del producto (reparaci\u00f3n, intercambio) &nbsp; Prestamos especial atenci\u00f3n al servicio post-venta de nuestros productos. Con el fin de mejorar nuestro [&hellip;]<\/p>\n","protected":false},"author":8,"featured_media":0,"parent":13940,"menu_order":0,"comment_status":"closed","ping_status":"closed","template":"","meta":[],"acf":[],"yoast_head":"<!-- This site is optimized with the Yoast SEO plugin v19.14 - https:\/\/yoast.com\/wordpress\/plugins\/seo\/ -->\n<title>Standby Mercura - Panfleto de informaci\u00f3n<\/title>\n<meta name=\"description\" content=\"Standby Mercura - Folleto informativo sobre nuestras se\u00f1ales luminosas y sonoras para veh\u00edculos.\" \/>\n<meta name=\"robots\" content=\"noindex, follow\" \/>\n<meta name=\"twitter:label1\" content=\"Tiempo de lectura\" \/>\n\t<meta name=\"twitter:data1\" content=\"1 minuto\" \/>\n<script type=\"application\/ld+json\" class=\"yoast-schema-graph\">{\"@context\":\"https:\/\/schema.org\",\"@graph\":[{\"@type\":\"WebPage\",\"@id\":\"https:\/\/mercura.test-sites.fr\/es\/servicio-posventa\/devolucion-del-producto\/\",\"url\":\"https:\/\/mercura.test-sites.fr\/es\/servicio-posventa\/devolucion-del-producto\/\",\"name\":\"Standby Mercura - Panfleto de informaci\u00f3n\",\"isPartOf\":{\"@id\":\"https:\/\/mercura.test-sites.fr\/#website\"},\"datePublished\":\"2017-09-28T14:28:17+00:00\",\"dateModified\":\"2022-05-23T08:45:26+00:00\",\"description\":\"Standby Mercura - Folleto informativo sobre nuestras se\u00f1ales luminosas y sonoras para veh\u00edculos.\",\"breadcrumb\":{\"@id\":\"https:\/\/mercura.test-sites.fr\/es\/servicio-posventa\/devolucion-del-producto\/#breadcrumb\"},\"inLanguage\":\"es\",\"potentialAction\":[{\"@type\":\"ReadAction\",\"target\":[\"https:\/\/mercura.test-sites.fr\/es\/servicio-posventa\/devolucion-del-producto\/\"]}]},{\"@type\":\"BreadcrumbList\",\"@id\":\"https:\/\/mercura.test-sites.fr\/es\/servicio-posventa\/devolucion-del-producto\/#breadcrumb\",\"itemListElement\":[{\"@type\":\"ListItem\",\"position\":1,\"name\":\"Home\",\"item\":\"https:\/\/mercura.test-sites.fr\/es\/home\/\"},{\"@type\":\"ListItem\",\"position\":2,\"name\":\"Servicio Posventa\",\"item\":\"https:\/\/mercura.test-sites.fr\/es\/servicio-posventa\/\"},{\"@type\":\"ListItem\",\"position\":3,\"name\":\"Devoluci\u00f3n del producto\"}]},{\"@type\":\"WebSite\",\"@id\":\"https:\/\/mercura.test-sites.fr\/#website\",\"url\":\"https:\/\/mercura.test-sites.fr\/\",\"name\":\"Mercura\",\"description\":\"\",\"publisher\":{\"@id\":\"https:\/\/mercura.test-sites.fr\/#organization\"},\"potentialAction\":[{\"@type\":\"SearchAction\",\"target\":{\"@type\":\"EntryPoint\",\"urlTemplate\":\"https:\/\/mercura.test-sites.fr\/?s={search_term_string}\"},\"query-input\":\"required name=search_term_string\"}],\"inLanguage\":\"es\"},{\"@type\":\"Organization\",\"@id\":\"https:\/\/mercura.test-sites.fr\/#organization\",\"name\":\"MERCURA\",\"url\":\"https:\/\/mercura.test-sites.fr\/\",\"logo\":{\"@type\":\"ImageObject\",\"inLanguage\":\"es\",\"@id\":\"https:\/\/mercura.test-sites.fr\/#\/schema\/logo\/image\/\",\"url\":\"https:\/\/mercura.test-sites.fr\/media\/uploads\/2022\/01\/standby-mercura-c-rvb-1-e1641214404108.jpg\",\"contentUrl\":\"https:\/\/mercura.test-sites.fr\/media\/uploads\/2022\/01\/standby-mercura-c-rvb-1-e1641214404108.jpg\",\"width\":\"200\",\"height\":\"76\",\"caption\":\"MERCURA\"},\"image\":{\"@id\":\"https:\/\/mercura.test-sites.fr\/#\/schema\/logo\/image\/\"}}]}<\/script>\n<!-- \/ Yoast SEO plugin. -->","yoast_head_json":{"title":"Standby Mercura - Panfleto de informaci\u00f3n","description":"Standby Mercura - Folleto informativo sobre nuestras se\u00f1ales luminosas y sonoras para veh\u00edculos.","robots":{"index":"noindex","follow":"follow"},"twitter_misc":{"Tiempo de lectura":"1 minuto"},"schema":{"@context":"https:\/\/schema.org","@graph":[{"@type":"WebPage","@id":"https:\/\/mercura.test-sites.fr\/es\/servicio-posventa\/devolucion-del-producto\/","url":"https:\/\/mercura.test-sites.fr\/es\/servicio-posventa\/devolucion-del-producto\/","name":"Standby Mercura - Panfleto de informaci\u00f3n","isPartOf":{"@id":"https:\/\/mercura.test-sites.fr\/#website"},"datePublished":"2017-09-28T14:28:17+00:00","dateModified":"2022-05-23T08:45:26+00:00","description":"Standby Mercura - Folleto informativo sobre nuestras se\u00f1ales luminosas y sonoras para veh\u00edculos.","breadcrumb":{"@id":"https:\/\/mercura.test-sites.fr\/es\/servicio-posventa\/devolucion-del-producto\/#breadcrumb"},"inLanguage":"es","potentialAction":[{"@type":"ReadAction","target":["https:\/\/mercura.test-sites.fr\/es\/servicio-posventa\/devolucion-del-producto\/"]}]},{"@type":"BreadcrumbList","@id":"https:\/\/mercura.test-sites.fr\/es\/servicio-posventa\/devolucion-del-producto\/#breadcrumb","itemListElement":[{"@type":"ListItem","position":1,"name":"Home","item":"https:\/\/mercura.test-sites.fr\/es\/home\/"},{"@type":"ListItem","position":2,"name":"Servicio Posventa","item":"https:\/\/mercura.test-sites.fr\/es\/servicio-posventa\/"},{"@type":"ListItem","position":3,"name":"Devoluci\u00f3n del producto"}]},{"@type":"WebSite","@id":"https:\/\/mercura.test-sites.fr\/#website","url":"https:\/\/mercura.test-sites.fr\/","name":"Mercura","description":"","publisher":{"@id":"https:\/\/mercura.test-sites.fr\/#organization"},"potentialAction":[{"@type":"SearchAction","target":{"@type":"EntryPoint","urlTemplate":"https:\/\/mercura.test-sites.fr\/?s={search_term_string}"},"query-input":"required name=search_term_string"}],"inLanguage":"es"},{"@type":"Organization","@id":"https:\/\/mercura.test-sites.fr\/#organization","name":"MERCURA","url":"https:\/\/mercura.test-sites.fr\/","logo":{"@type":"ImageObject","inLanguage":"es","@id":"https:\/\/mercura.test-sites.fr\/#\/schema\/logo\/image\/","url":"https:\/\/mercura.test-sites.fr\/media\/uploads\/2022\/01\/standby-mercura-c-rvb-1-e1641214404108.jpg","contentUrl":"https:\/\/mercura.test-sites.fr\/media\/uploads\/2022\/01\/standby-mercura-c-rvb-1-e1641214404108.jpg","width":"200","height":"76","caption":"MERCURA"},"image":{"@id":"https:\/\/mercura.test-sites.fr\/#\/schema\/logo\/image\/"}}]}},"_links":{"self":[{"href":"https:\/\/mercura.test-sites.fr\/es\/wp-json\/wp\/v2\/pages\/13952"}],"collection":[{"href":"https:\/\/mercura.test-sites.fr\/es\/wp-json\/wp\/v2\/pages"}],"about":[{"href":"https:\/\/mercura.test-sites.fr\/es\/wp-json\/wp\/v2\/types\/page"}],"author":[{"embeddable":true,"href":"https:\/\/mercura.test-sites.fr\/es\/wp-json\/wp\/v2\/users\/8"}],"replies":[{"embeddable":true,"href":"https:\/\/mercura.test-sites.fr\/es\/wp-json\/wp\/v2\/comments?post=13952"}],"version-history":[{"count":3,"href":"https:\/\/mercura.test-sites.fr\/es\/wp-json\/wp\/v2\/pages\/13952\/revisions"}],"predecessor-version":[{"id":13988,"href":"https:\/\/mercura.test-sites.fr\/es\/wp-json\/wp\/v2\/pages\/13952\/revisions\/13988"}],"up":[{"embeddable":true,"href":"https:\/\/mercura.test-sites.fr\/es\/wp-json\/wp\/v2\/pages\/13940"}],"wp:attachment":[{"href":"https:\/\/mercura.test-sites.fr\/es\/wp-json\/wp\/v2\/media?parent=13952"}],"curies":[{"name":"wp","href":"https:\/\/api.w.org\/{rel}","templated":true}]}}