{"id":13947,"date":"2017-09-28T16:18:24","date_gmt":"2017-09-28T14:18:24","guid":{"rendered":"https:\/\/mercura.test-sites.fr\/?page_id=13947"},"modified":"2022-05-23T10:45:25","modified_gmt":"2022-05-23T08:45:25","slug":"asistencia-tecnica","status":"publish","type":"page","link":"https:\/\/mercura.test-sites.fr\/es\/servicio-posventa\/asistencia-tecnica\/","title":{"rendered":"Asistencia t\u00e9cnica"},"content":{"rendered":"<h1>Asistencia t\u00e9cnica<\/h1>\n<p>Solicitud de asistencia,problema t\u00e9cnico,declaraci\u00f3nde incidente.<\/p>\n<p>&nbsp;<\/p>\n<h4>Asistencia t\u00e9cnica por Email :<\/h4>\n<h3><a href=\"mailto:support@mercura.fr\">support@mercura.fr<\/a><\/h3>\n<p>&nbsp;<\/p>\n<h4>Asistencia t\u00e9cnica por T\u00e9l\u00e9phono :<\/h4>\n<h2><strong>+33 (0)2 54 702 702<\/strong><\/h2>\n<p>&nbsp;<\/p>\n<h4>Asistencia t\u00e9cnica por Fax :<strong>\u00a0\u00a0<\/strong><\/h4>\n<h2><strong>02 54 56 09 95<\/strong><\/h2>\n<p>&nbsp;<\/p>\n<p>Nuestro servicio postventa est\u00e1 disponible de lunes a viernes de 08:30 a 12:00 y de 13:30 a 17:00 (viernes hasta las 16:00).<\/p>\n","protected":false},"excerpt":{"rendered":"<p>Asistencia t\u00e9cnica Solicitud de asistencia,problema t\u00e9cnico,declaraci\u00f3nde incidente. &nbsp; Asistencia t\u00e9cnica por Email : support@mercura.fr &nbsp; Asistencia t\u00e9cnica por T\u00e9l\u00e9phono : +33 (0)2 54 702 702 &nbsp; Asistencia t\u00e9cnica por [&hellip;]<\/p>\n","protected":false},"author":8,"featured_media":0,"parent":13940,"menu_order":0,"comment_status":"closed","ping_status":"closed","template":"","meta":[],"acf":[],"yoast_head":"<!-- This site is optimized with the Yoast SEO plugin v19.14 - https:\/\/yoast.com\/wordpress\/plugins\/seo\/ -->\n<title>Standby Mercura - Servicio postventa<\/title>\n<meta name=\"description\" content=\"Standby Mercura - Servicio postventa para informar sobre los productos y sus pedidos entregados.\" \/>\n<meta name=\"robots\" content=\"noindex, follow\" \/>\n<script type=\"application\/ld+json\" class=\"yoast-schema-graph\">{\"@context\":\"https:\/\/schema.org\",\"@graph\":[{\"@type\":\"WebPage\",\"@id\":\"https:\/\/mercura.test-sites.fr\/es\/servicio-posventa\/asistencia-tecnica\/\",\"url\":\"https:\/\/mercura.test-sites.fr\/es\/servicio-posventa\/asistencia-tecnica\/\",\"name\":\"Standby Mercura - Servicio postventa\",\"isPartOf\":{\"@id\":\"https:\/\/mercura.test-sites.fr\/#website\"},\"datePublished\":\"2017-09-28T14:18:24+00:00\",\"dateModified\":\"2022-05-23T08:45:25+00:00\",\"description\":\"Standby Mercura - Servicio postventa para informar sobre los productos y sus pedidos entregados.\",\"breadcrumb\":{\"@id\":\"https:\/\/mercura.test-sites.fr\/es\/servicio-posventa\/asistencia-tecnica\/#breadcrumb\"},\"inLanguage\":\"es\",\"potentialAction\":[{\"@type\":\"ReadAction\",\"target\":[\"https:\/\/mercura.test-sites.fr\/es\/servicio-posventa\/asistencia-tecnica\/\"]}]},{\"@type\":\"BreadcrumbList\",\"@id\":\"https:\/\/mercura.test-sites.fr\/es\/servicio-posventa\/asistencia-tecnica\/#breadcrumb\",\"itemListElement\":[{\"@type\":\"ListItem\",\"position\":1,\"name\":\"Home\",\"item\":\"https:\/\/mercura.test-sites.fr\/es\/home\/\"},{\"@type\":\"ListItem\",\"position\":2,\"name\":\"Servicio Posventa\",\"item\":\"https:\/\/mercura.test-sites.fr\/es\/servicio-posventa\/\"},{\"@type\":\"ListItem\",\"position\":3,\"name\":\"Asistencia t\u00e9cnica\"}]},{\"@type\":\"WebSite\",\"@id\":\"https:\/\/mercura.test-sites.fr\/#website\",\"url\":\"https:\/\/mercura.test-sites.fr\/\",\"name\":\"Mercura\",\"description\":\"\",\"publisher\":{\"@id\":\"https:\/\/mercura.test-sites.fr\/#organization\"},\"potentialAction\":[{\"@type\":\"SearchAction\",\"target\":{\"@type\":\"EntryPoint\",\"urlTemplate\":\"https:\/\/mercura.test-sites.fr\/?s={search_term_string}\"},\"query-input\":\"required name=search_term_string\"}],\"inLanguage\":\"es\"},{\"@type\":\"Organization\",\"@id\":\"https:\/\/mercura.test-sites.fr\/#organization\",\"name\":\"MERCURA\",\"url\":\"https:\/\/mercura.test-sites.fr\/\",\"logo\":{\"@type\":\"ImageObject\",\"inLanguage\":\"es\",\"@id\":\"https:\/\/mercura.test-sites.fr\/#\/schema\/logo\/image\/\",\"url\":\"https:\/\/mercura.test-sites.fr\/media\/uploads\/2022\/01\/standby-mercura-c-rvb-1-e1641214404108.jpg\",\"contentUrl\":\"https:\/\/mercura.test-sites.fr\/media\/uploads\/2022\/01\/standby-mercura-c-rvb-1-e1641214404108.jpg\",\"width\":\"200\",\"height\":\"76\",\"caption\":\"MERCURA\"},\"image\":{\"@id\":\"https:\/\/mercura.test-sites.fr\/#\/schema\/logo\/image\/\"}}]}<\/script>\n<!-- \/ Yoast SEO plugin. -->","yoast_head_json":{"title":"Standby Mercura - Servicio postventa","description":"Standby Mercura - Servicio postventa para informar sobre los productos y sus pedidos entregados.","robots":{"index":"noindex","follow":"follow"},"schema":{"@context":"https:\/\/schema.org","@graph":[{"@type":"WebPage","@id":"https:\/\/mercura.test-sites.fr\/es\/servicio-posventa\/asistencia-tecnica\/","url":"https:\/\/mercura.test-sites.fr\/es\/servicio-posventa\/asistencia-tecnica\/","name":"Standby Mercura - Servicio postventa","isPartOf":{"@id":"https:\/\/mercura.test-sites.fr\/#website"},"datePublished":"2017-09-28T14:18:24+00:00","dateModified":"2022-05-23T08:45:25+00:00","description":"Standby Mercura - Servicio postventa para informar sobre los productos y sus pedidos entregados.","breadcrumb":{"@id":"https:\/\/mercura.test-sites.fr\/es\/servicio-posventa\/asistencia-tecnica\/#breadcrumb"},"inLanguage":"es","potentialAction":[{"@type":"ReadAction","target":["https:\/\/mercura.test-sites.fr\/es\/servicio-posventa\/asistencia-tecnica\/"]}]},{"@type":"BreadcrumbList","@id":"https:\/\/mercura.test-sites.fr\/es\/servicio-posventa\/asistencia-tecnica\/#breadcrumb","itemListElement":[{"@type":"ListItem","position":1,"name":"Home","item":"https:\/\/mercura.test-sites.fr\/es\/home\/"},{"@type":"ListItem","position":2,"name":"Servicio Posventa","item":"https:\/\/mercura.test-sites.fr\/es\/servicio-posventa\/"},{"@type":"ListItem","position":3,"name":"Asistencia t\u00e9cnica"}]},{"@type":"WebSite","@id":"https:\/\/mercura.test-sites.fr\/#website","url":"https:\/\/mercura.test-sites.fr\/","name":"Mercura","description":"","publisher":{"@id":"https:\/\/mercura.test-sites.fr\/#organization"},"potentialAction":[{"@type":"SearchAction","target":{"@type":"EntryPoint","urlTemplate":"https:\/\/mercura.test-sites.fr\/?s={search_term_string}"},"query-input":"required name=search_term_string"}],"inLanguage":"es"},{"@type":"Organization","@id":"https:\/\/mercura.test-sites.fr\/#organization","name":"MERCURA","url":"https:\/\/mercura.test-sites.fr\/","logo":{"@type":"ImageObject","inLanguage":"es","@id":"https:\/\/mercura.test-sites.fr\/#\/schema\/logo\/image\/","url":"https:\/\/mercura.test-sites.fr\/media\/uploads\/2022\/01\/standby-mercura-c-rvb-1-e1641214404108.jpg","contentUrl":"https:\/\/mercura.test-sites.fr\/media\/uploads\/2022\/01\/standby-mercura-c-rvb-1-e1641214404108.jpg","width":"200","height":"76","caption":"MERCURA"},"image":{"@id":"https:\/\/mercura.test-sites.fr\/#\/schema\/logo\/image\/"}}]}},"_links":{"self":[{"href":"https:\/\/mercura.test-sites.fr\/es\/wp-json\/wp\/v2\/pages\/13947"}],"collection":[{"href":"https:\/\/mercura.test-sites.fr\/es\/wp-json\/wp\/v2\/pages"}],"about":[{"href":"https:\/\/mercura.test-sites.fr\/es\/wp-json\/wp\/v2\/types\/page"}],"author":[{"embeddable":true,"href":"https:\/\/mercura.test-sites.fr\/es\/wp-json\/wp\/v2\/users\/8"}],"replies":[{"embeddable":true,"href":"https:\/\/mercura.test-sites.fr\/es\/wp-json\/wp\/v2\/comments?post=13947"}],"version-history":[{"count":1,"href":"https:\/\/mercura.test-sites.fr\/es\/wp-json\/wp\/v2\/pages\/13947\/revisions"}],"predecessor-version":[{"id":13948,"href":"https:\/\/mercura.test-sites.fr\/es\/wp-json\/wp\/v2\/pages\/13947\/revisions\/13948"}],"up":[{"embeddable":true,"href":"https:\/\/mercura.test-sites.fr\/es\/wp-json\/wp\/v2\/pages\/13940"}],"wp:attachment":[{"href":"https:\/\/mercura.test-sites.fr\/es\/wp-json\/wp\/v2\/media?parent=13947"}],"curies":[{"name":"wp","href":"https:\/\/api.w.org\/{rel}","templated":true}]}}