{"id":13940,"date":"2017-09-28T16:09:13","date_gmt":"2017-09-28T14:09:13","guid":{"rendered":"https:\/\/mercura.test-sites.fr\/?page_id=13940"},"modified":"2022-05-23T10:45:24","modified_gmt":"2022-05-23T08:45:24","slug":"servicio-posventa","status":"publish","type":"page","link":"https:\/\/mercura.test-sites.fr\/es\/servicio-posventa\/","title":{"rendered":"Servicio Posventa"},"content":{"rendered":"<h2>\u00bf Qu\u00e9 servicio necesita ?<\/h2>\n<div class=\"aligncenter\">\n<table class=\" aligncenter\" border=\"0\" width=\"400\" frame=\"void\" cellpadding=\"5\">\n<tbody>\n<tr>\n<td style=\"width: 250px; text-align: center; vertical-align: middle;\"><img decoding=\"async\" loading=\"lazy\" class=\"wp-image-13779 aligncenter\" src=\"https:\/\/mercura.test-sites.fr\/media\/uploads\/2017\/09\/assistance-technique-carrA\u0192A\u00a9.png\" alt=\"\" width=\"109\" height=\"114\" \/><\/td>\n<td style=\"width: 250px; text-align: center; vertical-align: middle;\"><img decoding=\"async\" loading=\"lazy\" class=\"wp-image-13785 aligncenter\" src=\"https:\/\/mercura.test-sites.fr\/media\/uploads\/2017\/09\/logiciel-300x225-300x225.png\" alt=\"\" width=\"152\" height=\"114\" \/><\/td>\n<td style=\"width: 250px; text-align: center; vertical-align: middle;\"><img decoding=\"async\" loading=\"lazy\" class=\"wp-image-13810 aligncenter\" src=\"https:\/\/mercura.test-sites.fr\/media\/uploads\/2017\/09\/retour-carton.png\" alt=\"\" width=\"143\" height=\"126\" \/><\/td>\n<\/tr>\n<tr>\n<td style=\"text-align: center; vertical-align: middle;\"><a href=\"https:\/\/mercura.test-sites.fr\/es\/servicio-posventa\/asistencia-tecnica\/\">Asistencia t\u00e9cnica<\/a><\/td>\n<td style=\"text-align: center; vertical-align: middle;\"><a href=\"https:\/\/mercura.test-sites.fr\/es\/servicio-posventa\/descargamiento-del-programa-informatico\/\">Descarga del Programa inform\u00e1tico<\/a><\/td>\n<td style=\"text-align: center; vertical-align: middle;\"><a href=\"https:\/\/mercura.test-sites.fr\/es\/servicio-posventa\/devolucion-del-producto\/\">Formulario RMA para solicitar la devoluci\u00f3n del producto\u00a0(reparaci\u00f3n, intercambio)<\/a><\/td>\n<\/tr>\n<\/tbody>\n<\/table>\n<div class=\"aligncenter\">\n<table border=\"0\" frame=\"void\">\n<tbody>\n<tr>\n<td align=\"center\" valign=\"middle\"><strong><img decoding=\"async\" loading=\"lazy\" class=\"wp-image-13803 aligncenter\" src=\"https:\/\/mercura.test-sites.fr\/media\/uploads\/2017\/09\/recyclage.jpg\" alt=\"\" width=\"120\" height=\"120\" \/><\/strong><\/td>\n<td><img decoding=\"async\" loading=\"lazy\" class=\"wp-image-13782 aligncenter\" src=\"https:\/\/mercura.test-sites.fr\/media\/uploads\/2017\/09\/Fotolia_51292806_S-1-det.jpg\" alt=\"\" width=\"154\" height=\"124\" \/><\/td>\n<\/tr>\n<tr>\n<td style=\"text-align: center;\"><a href=\"https:\/\/mercura.test-sites.fr\/es\/servicio-posventa\/reciclaje\/\">Reciclaje<\/a><\/td>\n<td style=\"text-align: center;\"><a href=\"https:\/\/mercura.test-sites.fr\/es\/servicio-posventa\/formaciones-mercura\/\">Formaciones Mercura<\/a><\/td>\n<\/tr>\n<\/tbody>\n<\/table>\n<\/div>\n<\/div>\n<p>&nbsp;<\/p>\n<h4><strong>SEGUIMIENTO ADMINISTRATIVO :<\/strong><\/h4>\n<p>Para cualquier pregunta administrativa o seguimiento de reparaci\u00f3n, puede escribirnos a la siguiente direcci\u00f3n : <a href=\"mailto:support@mercura.fr\">support@mercura.fr<\/a><\/p>\n<p>El servicio posventa se pondr\u00e1 en contacto con usted lo antes posible.<\/p>\n","protected":false},"excerpt":{"rendered":"<p>\u00bf Qu\u00e9 servicio necesita ? Asistencia t\u00e9cnica Descarga del Programa inform\u00e1tico Formulario RMA para solicitar la devoluci\u00f3n del producto\u00a0(reparaci\u00f3n, intercambio) Reciclaje Formaciones Mercura &nbsp; SEGUIMIENTO ADMINISTRATIVO : Para cualquier [&hellip;]<\/p>\n","protected":false},"author":8,"featured_media":0,"parent":0,"menu_order":0,"comment_status":"closed","ping_status":"closed","template":"","meta":[],"acf":[],"yoast_head":"<!-- This site is optimized with the Yoast SEO plugin v19.14 - https:\/\/yoast.com\/wordpress\/plugins\/seo\/ -->\n<title>Standby Mercura - Informaciones complementarias<\/title>\n<meta name=\"description\" content=\"Standby Mercura - Encuentre toda la informaci\u00f3n t\u00e9cnica, documentaci\u00f3n y otras homologaciones sobre nuestros productos\" \/>\n<meta name=\"robots\" content=\"noindex, follow\" \/>\n<script type=\"application\/ld+json\" class=\"yoast-schema-graph\">{\"@context\":\"https:\/\/schema.org\",\"@graph\":[{\"@type\":\"WebPage\",\"@id\":\"https:\/\/mercura.test-sites.fr\/es\/servicio-posventa\/\",\"url\":\"https:\/\/mercura.test-sites.fr\/es\/servicio-posventa\/\",\"name\":\"Standby Mercura - Informaciones complementarias\",\"isPartOf\":{\"@id\":\"https:\/\/mercura.test-sites.fr\/#website\"},\"datePublished\":\"2017-09-28T14:09:13+00:00\",\"dateModified\":\"2022-05-23T08:45:24+00:00\",\"description\":\"Standby Mercura - Encuentre toda la informaci\u00f3n t\u00e9cnica, documentaci\u00f3n y otras homologaciones sobre nuestros productos\",\"breadcrumb\":{\"@id\":\"https:\/\/mercura.test-sites.fr\/es\/servicio-posventa\/#breadcrumb\"},\"inLanguage\":\"es\",\"potentialAction\":[{\"@type\":\"ReadAction\",\"target\":[\"https:\/\/mercura.test-sites.fr\/es\/servicio-posventa\/\"]}]},{\"@type\":\"BreadcrumbList\",\"@id\":\"https:\/\/mercura.test-sites.fr\/es\/servicio-posventa\/#breadcrumb\",\"itemListElement\":[{\"@type\":\"ListItem\",\"position\":1,\"name\":\"Home\",\"item\":\"https:\/\/mercura.test-sites.fr\/es\/home\/\"},{\"@type\":\"ListItem\",\"position\":2,\"name\":\"Servicio Posventa\"}]},{\"@type\":\"WebSite\",\"@id\":\"https:\/\/mercura.test-sites.fr\/#website\",\"url\":\"https:\/\/mercura.test-sites.fr\/\",\"name\":\"Mercura\",\"description\":\"\",\"publisher\":{\"@id\":\"https:\/\/mercura.test-sites.fr\/#organization\"},\"potentialAction\":[{\"@type\":\"SearchAction\",\"target\":{\"@type\":\"EntryPoint\",\"urlTemplate\":\"https:\/\/mercura.test-sites.fr\/?s={search_term_string}\"},\"query-input\":\"required name=search_term_string\"}],\"inLanguage\":\"es\"},{\"@type\":\"Organization\",\"@id\":\"https:\/\/mercura.test-sites.fr\/#organization\",\"name\":\"MERCURA\",\"url\":\"https:\/\/mercura.test-sites.fr\/\",\"logo\":{\"@type\":\"ImageObject\",\"inLanguage\":\"es\",\"@id\":\"https:\/\/mercura.test-sites.fr\/#\/schema\/logo\/image\/\",\"url\":\"https:\/\/mercura.test-sites.fr\/media\/uploads\/2022\/01\/standby-mercura-c-rvb-1-e1641214404108.jpg\",\"contentUrl\":\"https:\/\/mercura.test-sites.fr\/media\/uploads\/2022\/01\/standby-mercura-c-rvb-1-e1641214404108.jpg\",\"width\":\"200\",\"height\":\"76\",\"caption\":\"MERCURA\"},\"image\":{\"@id\":\"https:\/\/mercura.test-sites.fr\/#\/schema\/logo\/image\/\"}}]}<\/script>\n<!-- \/ Yoast SEO plugin. -->","yoast_head_json":{"title":"Standby Mercura - Informaciones complementarias","description":"Standby Mercura - Encuentre toda la informaci\u00f3n t\u00e9cnica, documentaci\u00f3n y otras homologaciones sobre nuestros productos","robots":{"index":"noindex","follow":"follow"},"schema":{"@context":"https:\/\/schema.org","@graph":[{"@type":"WebPage","@id":"https:\/\/mercura.test-sites.fr\/es\/servicio-posventa\/","url":"https:\/\/mercura.test-sites.fr\/es\/servicio-posventa\/","name":"Standby Mercura - Informaciones complementarias","isPartOf":{"@id":"https:\/\/mercura.test-sites.fr\/#website"},"datePublished":"2017-09-28T14:09:13+00:00","dateModified":"2022-05-23T08:45:24+00:00","description":"Standby Mercura - Encuentre toda la informaci\u00f3n t\u00e9cnica, documentaci\u00f3n y otras homologaciones sobre nuestros productos","breadcrumb":{"@id":"https:\/\/mercura.test-sites.fr\/es\/servicio-posventa\/#breadcrumb"},"inLanguage":"es","potentialAction":[{"@type":"ReadAction","target":["https:\/\/mercura.test-sites.fr\/es\/servicio-posventa\/"]}]},{"@type":"BreadcrumbList","@id":"https:\/\/mercura.test-sites.fr\/es\/servicio-posventa\/#breadcrumb","itemListElement":[{"@type":"ListItem","position":1,"name":"Home","item":"https:\/\/mercura.test-sites.fr\/es\/home\/"},{"@type":"ListItem","position":2,"name":"Servicio Posventa"}]},{"@type":"WebSite","@id":"https:\/\/mercura.test-sites.fr\/#website","url":"https:\/\/mercura.test-sites.fr\/","name":"Mercura","description":"","publisher":{"@id":"https:\/\/mercura.test-sites.fr\/#organization"},"potentialAction":[{"@type":"SearchAction","target":{"@type":"EntryPoint","urlTemplate":"https:\/\/mercura.test-sites.fr\/?s={search_term_string}"},"query-input":"required name=search_term_string"}],"inLanguage":"es"},{"@type":"Organization","@id":"https:\/\/mercura.test-sites.fr\/#organization","name":"MERCURA","url":"https:\/\/mercura.test-sites.fr\/","logo":{"@type":"ImageObject","inLanguage":"es","@id":"https:\/\/mercura.test-sites.fr\/#\/schema\/logo\/image\/","url":"https:\/\/mercura.test-sites.fr\/media\/uploads\/2022\/01\/standby-mercura-c-rvb-1-e1641214404108.jpg","contentUrl":"https:\/\/mercura.test-sites.fr\/media\/uploads\/2022\/01\/standby-mercura-c-rvb-1-e1641214404108.jpg","width":"200","height":"76","caption":"MERCURA"},"image":{"@id":"https:\/\/mercura.test-sites.fr\/#\/schema\/logo\/image\/"}}]}},"_links":{"self":[{"href":"https:\/\/mercura.test-sites.fr\/es\/wp-json\/wp\/v2\/pages\/13940"}],"collection":[{"href":"https:\/\/mercura.test-sites.fr\/es\/wp-json\/wp\/v2\/pages"}],"about":[{"href":"https:\/\/mercura.test-sites.fr\/es\/wp-json\/wp\/v2\/types\/page"}],"author":[{"embeddable":true,"href":"https:\/\/mercura.test-sites.fr\/es\/wp-json\/wp\/v2\/users\/8"}],"replies":[{"embeddable":true,"href":"https:\/\/mercura.test-sites.fr\/es\/wp-json\/wp\/v2\/comments?post=13940"}],"version-history":[{"count":5,"href":"https:\/\/mercura.test-sites.fr\/es\/wp-json\/wp\/v2\/pages\/13940\/revisions"}],"predecessor-version":[{"id":24905,"href":"https:\/\/mercura.test-sites.fr\/es\/wp-json\/wp\/v2\/pages\/13940\/revisions\/24905"}],"wp:attachment":[{"href":"https:\/\/mercura.test-sites.fr\/es\/wp-json\/wp\/v2\/media?parent=13940"}],"curies":[{"name":"wp","href":"https:\/\/api.w.org\/{rel}","templated":true}]}}