{"id":13888,"date":"2017-09-28T14:27:01","date_gmt":"2017-09-28T12:27:01","guid":{"rendered":"https:\/\/mercura.test-sites.fr\/?page_id=13888"},"modified":"2022-05-23T10:45:21","modified_gmt":"2022-05-23T08:45:21","slug":"catalogo","status":"publish","type":"page","link":"https:\/\/mercura.test-sites.fr\/es\/catalogo\/","title":{"rendered":"Cat\u00e1logo"},"content":{"rendered":"<h1>Cat\u00e1logo 2019 en ingl\u00e9s<\/h1>\n<p>&nbsp;<\/p>\n<p style=\"text-align: center;\"><a href=\"https:\/\/fr.calameo.com\/read\/003078555918d7019d8ae\" target=\"_blank\" rel=\"noopener\">CONSULTAR<\/a>\u00a0\u00a0\u00a0\u00a0\u00a0\u00a0\u00a0\u00a0\u00a0\u00a0\u00a0\u00a0\u00a0\u00a0\u00a0\u00a0\u00a0\u00a0\u00a0\u00a0 <a href=\"https:\/\/mercura.test-sites.fr\/media\/uploads\/2019\/02\/catalogue-mercura-2019-hd-web-gb-220219_optimize.pdf\" target=\"_blank\" rel=\"noopener\">DESCARGAR<\/a><\/p>\n<p>&nbsp;<\/p>\n<p><img decoding=\"async\" loading=\"lazy\" class=\"size-medium wp-image-18750 aligncenter\" src=\"https:\/\/mercura.test-sites.fr\/media\/uploads\/2019\/02\/couverture-catalogue-gb-2019-300x301.png\" alt=\"\" width=\"300\" height=\"301\" srcset=\"https:\/\/mercura.test-sites.fr\/media\/uploads\/2019\/02\/couverture-catalogue-gb-2019-300x301.png 300w, https:\/\/mercura.test-sites.fr\/media\/uploads\/2019\/02\/couverture-catalogue-gb-2019-150x150.png 150w, https:\/\/mercura.test-sites.fr\/media\/uploads\/2019\/02\/couverture-catalogue-gb-2019-768x772.png 768w, https:\/\/mercura.test-sites.fr\/media\/uploads\/2019\/02\/couverture-catalogue-gb-2019-720x723.png 720w, https:\/\/mercura.test-sites.fr\/media\/uploads\/2019\/02\/couverture-catalogue-gb-2019.png 852w\" sizes=\"(max-width: 300px) 100vw, 300px\" \/><\/p>\n<p>&nbsp;<\/p>\n<h1>Cat\u00e1logo 2018 en espa\u00f1ol<\/h1>\n<p>&nbsp;<\/p>\n<p style=\"text-align: center;\"><a href=\"http:\/\/fr.calameo.com\/read\/003078555619be7ff1040\">CONSULTAR<\/a> \u00a0\u00a0\u00a0\u00a0\u00a0\u00a0\u00a0\u00a0\u00a0 <a href=\"https:\/\/mercura.test-sites.fr\/media\/uploads\/2018\/02\/catalogue-mercura-2018-es-bdef.pdf\">DESCARGAR<\/a><\/p>\n<p>&nbsp;<\/p>\n<p style=\"text-align: center;\"><a href=\"https:\/\/mercura.test-sites.fr\/media\/uploads\/2018\/02\/catalogue-mercura-2018-es-bdef.pdf\" target=\"_blank\" rel=\"noopener\"><img decoding=\"async\" loading=\"lazy\" class=\"wp-image-16557 aligncenter\" src=\"https:\/\/mercura.test-sites.fr\/media\/uploads\/2017\/04\/couverture-catalogue-2018-es.jpg\" alt=\"\" width=\"403\" height=\"402\" srcset=\"https:\/\/mercura.test-sites.fr\/media\/uploads\/2017\/04\/couverture-catalogue-2018-es.jpg 812w, https:\/\/mercura.test-sites.fr\/media\/uploads\/2017\/04\/couverture-catalogue-2018-es-150x150.jpg 150w, https:\/\/mercura.test-sites.fr\/media\/uploads\/2017\/04\/couverture-catalogue-2018-es-300x300.jpg 300w, https:\/\/mercura.test-sites.fr\/media\/uploads\/2017\/04\/couverture-catalogue-2018-es-768x767.jpg 768w, https:\/\/mercura.test-sites.fr\/media\/uploads\/2017\/04\/couverture-catalogue-2018-es-720x719.jpg 720w\" sizes=\"(max-width: 403px) 100vw, 403px\" \/><\/a><\/p>\n<p>&nbsp;<\/p>\n","protected":false},"excerpt":{"rendered":"<p>Cat\u00e1logo 2019 en ingl\u00e9s &nbsp; CONSULTAR\u00a0\u00a0\u00a0\u00a0\u00a0\u00a0\u00a0\u00a0\u00a0\u00a0\u00a0\u00a0\u00a0\u00a0\u00a0\u00a0\u00a0\u00a0\u00a0\u00a0 DESCARGAR &nbsp; &nbsp; Cat\u00e1logo 2018 en espa\u00f1ol &nbsp; CONSULTAR \u00a0\u00a0\u00a0\u00a0\u00a0\u00a0\u00a0\u00a0\u00a0 DESCARGAR &nbsp; &nbsp;<\/p>\n","protected":false},"author":8,"featured_media":0,"parent":0,"menu_order":0,"comment_status":"closed","ping_status":"closed","template":"","meta":[],"acf":[],"yoast_head":"<!-- This site is optimized with the Yoast SEO plugin v19.14 - https:\/\/yoast.com\/wordpress\/plugins\/seo\/ -->\n<title>Cat\u00e1logo Standby Mercura - Se\u00f1alizaci\u00f3n luminosa y sonora para veh\u00edculos<\/title>\n<meta name=\"description\" content=\"Cat\u00e1logo Standby Mercura - Descubre todos nuestros productos de se\u00f1alizaci\u00f3n luminosa y sonora para veh\u00edculos prioritarios y de servicio.\" \/>\n<meta name=\"robots\" content=\"noindex, follow\" \/>\n<script type=\"application\/ld+json\" class=\"yoast-schema-graph\">{\"@context\":\"https:\/\/schema.org\",\"@graph\":[{\"@type\":\"WebPage\",\"@id\":\"https:\/\/mercura.test-sites.fr\/es\/catalogo\/\",\"url\":\"https:\/\/mercura.test-sites.fr\/es\/catalogo\/\",\"name\":\"Cat\u00e1logo Standby Mercura - Se\u00f1alizaci\u00f3n luminosa y sonora para veh\u00edculos\",\"isPartOf\":{\"@id\":\"https:\/\/mercura.test-sites.fr\/#website\"},\"datePublished\":\"2017-09-28T12:27:01+00:00\",\"dateModified\":\"2022-05-23T08:45:21+00:00\",\"description\":\"Cat\u00e1logo Standby Mercura - Descubre todos nuestros productos de se\u00f1alizaci\u00f3n luminosa y sonora para veh\u00edculos prioritarios y de servicio.\",\"breadcrumb\":{\"@id\":\"https:\/\/mercura.test-sites.fr\/es\/catalogo\/#breadcrumb\"},\"inLanguage\":\"es\",\"potentialAction\":[{\"@type\":\"ReadAction\",\"target\":[\"https:\/\/mercura.test-sites.fr\/es\/catalogo\/\"]}]},{\"@type\":\"BreadcrumbList\",\"@id\":\"https:\/\/mercura.test-sites.fr\/es\/catalogo\/#breadcrumb\",\"itemListElement\":[{\"@type\":\"ListItem\",\"position\":1,\"name\":\"Home\",\"item\":\"https:\/\/mercura.test-sites.fr\/es\/home\/\"},{\"@type\":\"ListItem\",\"position\":2,\"name\":\"Cat\u00e1logo\"}]},{\"@type\":\"WebSite\",\"@id\":\"https:\/\/mercura.test-sites.fr\/#website\",\"url\":\"https:\/\/mercura.test-sites.fr\/\",\"name\":\"Mercura\",\"description\":\"\",\"publisher\":{\"@id\":\"https:\/\/mercura.test-sites.fr\/#organization\"},\"potentialAction\":[{\"@type\":\"SearchAction\",\"target\":{\"@type\":\"EntryPoint\",\"urlTemplate\":\"https:\/\/mercura.test-sites.fr\/?s={search_term_string}\"},\"query-input\":\"required name=search_term_string\"}],\"inLanguage\":\"es\"},{\"@type\":\"Organization\",\"@id\":\"https:\/\/mercura.test-sites.fr\/#organization\",\"name\":\"MERCURA\",\"url\":\"https:\/\/mercura.test-sites.fr\/\",\"logo\":{\"@type\":\"ImageObject\",\"inLanguage\":\"es\",\"@id\":\"https:\/\/mercura.test-sites.fr\/#\/schema\/logo\/image\/\",\"url\":\"https:\/\/mercura.test-sites.fr\/media\/uploads\/2022\/01\/standby-mercura-c-rvb-1-e1641214404108.jpg\",\"contentUrl\":\"https:\/\/mercura.test-sites.fr\/media\/uploads\/2022\/01\/standby-mercura-c-rvb-1-e1641214404108.jpg\",\"width\":\"200\",\"height\":\"76\",\"caption\":\"MERCURA\"},\"image\":{\"@id\":\"https:\/\/mercura.test-sites.fr\/#\/schema\/logo\/image\/\"}}]}<\/script>\n<!-- \/ Yoast SEO plugin. -->","yoast_head_json":{"title":"Cat\u00e1logo Standby Mercura - Se\u00f1alizaci\u00f3n luminosa y sonora para veh\u00edculos","description":"Cat\u00e1logo Standby Mercura - Descubre todos nuestros productos de se\u00f1alizaci\u00f3n luminosa y sonora para veh\u00edculos prioritarios y de servicio.","robots":{"index":"noindex","follow":"follow"},"schema":{"@context":"https:\/\/schema.org","@graph":[{"@type":"WebPage","@id":"https:\/\/mercura.test-sites.fr\/es\/catalogo\/","url":"https:\/\/mercura.test-sites.fr\/es\/catalogo\/","name":"Cat\u00e1logo Standby Mercura - Se\u00f1alizaci\u00f3n luminosa y sonora para veh\u00edculos","isPartOf":{"@id":"https:\/\/mercura.test-sites.fr\/#website"},"datePublished":"2017-09-28T12:27:01+00:00","dateModified":"2022-05-23T08:45:21+00:00","description":"Cat\u00e1logo Standby Mercura - Descubre todos nuestros productos de se\u00f1alizaci\u00f3n luminosa y sonora para veh\u00edculos prioritarios y de servicio.","breadcrumb":{"@id":"https:\/\/mercura.test-sites.fr\/es\/catalogo\/#breadcrumb"},"inLanguage":"es","potentialAction":[{"@type":"ReadAction","target":["https:\/\/mercura.test-sites.fr\/es\/catalogo\/"]}]},{"@type":"BreadcrumbList","@id":"https:\/\/mercura.test-sites.fr\/es\/catalogo\/#breadcrumb","itemListElement":[{"@type":"ListItem","position":1,"name":"Home","item":"https:\/\/mercura.test-sites.fr\/es\/home\/"},{"@type":"ListItem","position":2,"name":"Cat\u00e1logo"}]},{"@type":"WebSite","@id":"https:\/\/mercura.test-sites.fr\/#website","url":"https:\/\/mercura.test-sites.fr\/","name":"Mercura","description":"","publisher":{"@id":"https:\/\/mercura.test-sites.fr\/#organization"},"potentialAction":[{"@type":"SearchAction","target":{"@type":"EntryPoint","urlTemplate":"https:\/\/mercura.test-sites.fr\/?s={search_term_string}"},"query-input":"required name=search_term_string"}],"inLanguage":"es"},{"@type":"Organization","@id":"https:\/\/mercura.test-sites.fr\/#organization","name":"MERCURA","url":"https:\/\/mercura.test-sites.fr\/","logo":{"@type":"ImageObject","inLanguage":"es","@id":"https:\/\/mercura.test-sites.fr\/#\/schema\/logo\/image\/","url":"https:\/\/mercura.test-sites.fr\/media\/uploads\/2022\/01\/standby-mercura-c-rvb-1-e1641214404108.jpg","contentUrl":"https:\/\/mercura.test-sites.fr\/media\/uploads\/2022\/01\/standby-mercura-c-rvb-1-e1641214404108.jpg","width":"200","height":"76","caption":"MERCURA"},"image":{"@id":"https:\/\/mercura.test-sites.fr\/#\/schema\/logo\/image\/"}}]}},"_links":{"self":[{"href":"https:\/\/mercura.test-sites.fr\/es\/wp-json\/wp\/v2\/pages\/13888"}],"collection":[{"href":"https:\/\/mercura.test-sites.fr\/es\/wp-json\/wp\/v2\/pages"}],"about":[{"href":"https:\/\/mercura.test-sites.fr\/es\/wp-json\/wp\/v2\/types\/page"}],"author":[{"embeddable":true,"href":"https:\/\/mercura.test-sites.fr\/es\/wp-json\/wp\/v2\/users\/8"}],"replies":[{"embeddable":true,"href":"https:\/\/mercura.test-sites.fr\/es\/wp-json\/wp\/v2\/comments?post=13888"}],"version-history":[{"count":5,"href":"https:\/\/mercura.test-sites.fr\/es\/wp-json\/wp\/v2\/pages\/13888\/revisions"}],"predecessor-version":[{"id":18777,"href":"https:\/\/mercura.test-sites.fr\/es\/wp-json\/wp\/v2\/pages\/13888\/revisions\/18777"}],"wp:attachment":[{"href":"https:\/\/mercura.test-sites.fr\/es\/wp-json\/wp\/v2\/media?parent=13888"}],"curies":[{"name":"wp","href":"https:\/\/api.w.org\/{rel}","templated":true}]}}