{"id":13875,"date":"2017-09-28T14:10:05","date_gmt":"2017-09-28T12:10:05","guid":{"rendered":"https:\/\/mercura.test-sites.fr\/?page_id=13875"},"modified":"2022-05-23T10:45:23","modified_gmt":"2022-05-23T08:45:23","slug":"redes-sociales","status":"publish","type":"page","link":"https:\/\/mercura.test-sites.fr\/es\/mercura\/redes-sociales\/","title":{"rendered":"Redes sociales"},"content":{"rendered":"<h1>Redes sociales<\/h1>\n<h2>Visite nuestra Facebook p\u00e1gina<\/h2>\n<div class=\"bloc\">\n<div class=\"blocDetail left\">\n<div class=\"bloc\">\n<div class=\"blocDetail left\">\n<p><img decoding=\"async\" loading=\"lazy\" class=\"wp-image-13787 alignleft img-responsive\" src=\"https:\/\/mercura.test-sites.fr\/media\/uploads\/2017\/09\/logo-facebook.png\" sizes=\"(max-width: 100px) 100vw, 100px\" srcset=\"https:\/\/mercura.test-sites.fr\/media\/uploads\/2017\/09\/logo-facebook.png 325w, https:\/\/mercura.test-sites.fr\/media\/uploads\/2017\/09\/logo-facebook-150x150.png 150w, https:\/\/mercura.test-sites.fr\/media\/uploads\/2017\/09\/logo-facebook-300x300.png 300w\" alt=\"\" width=\"100\" height=\"100\" \/><\/p>\n<p>Mercura est\u00e1 en Facebook, haga clic en \u00abMe gusta\u00bb y acceda a todas nuestras noticias, eventos, novedades, fotos y videos.<\/p>\n<p><strong><a href=\"https:\/\/www.facebook.com\/MercuraSignalisationLumineuseEtSonore\/\" target=\"_blank\" rel=\"noopener\">S\u00edganos en facebook<\/a><\/strong><\/p>\n<p>No dude en comentar y compartir sus fotos y videos de productos Mercura!<\/p>\n<p>&nbsp;<\/p>\n<\/div>\n<div class=\"blocDetail left\">\n<hr \/>\n<\/div>\n<\/div>\n<div class=\"bloc\">\n<div class=\"blocDetail left\">\n<h3>\u00a0LinkedIn<\/h3>\n<p><img decoding=\"async\" loading=\"lazy\" class=\"wp-image-13793 alignleft img-responsive\" src=\"https:\/\/mercura.test-sites.fr\/media\/uploads\/2017\/09\/logo-linkedin.jpg\" sizes=\"(max-width: 100px) 100vw, 100px\" srcset=\"https:\/\/mercura.test-sites.fr\/media\/uploads\/2017\/09\/logo-linkedin.jpg 477w, https:\/\/mercura.test-sites.fr\/media\/uploads\/2017\/09\/logo-linkedin-150x150.jpg 150w, https:\/\/mercura.test-sites.fr\/media\/uploads\/2017\/09\/logo-linkedin-300x302.jpg 300w\" alt=\"\" width=\"100\" height=\"101\" \/><\/p>\n<p>&nbsp;<\/p>\n<p>Encuentra toda la informaci\u00f3n y noticias sobre Mercura en nuestra p\u00e1gina de LinkedIn.<\/p>\n<p><strong><a href=\"https:\/\/mercura.test-sites.fr\/es\/mercura\/historial\/\" target=\"_blank\" rel=\"noopener\">S\u00edganos en LinkedIn<\/a><\/strong><\/p>\n<\/div>\n<\/div>\n<\/div>\n<\/div>\n<p>&nbsp;<\/p>\n<p>&nbsp;<\/p>\n<div class=\"bloc\">\n<div class=\"blocDetail left\">\n<hr \/>\n<div class=\"bloc\">\n<div class=\"blocDetail left\">\n<h3>\u00a0Google +<\/h3>\n<div><img decoding=\"async\" loading=\"lazy\" class=\"wp-image-13790 img-responsive alignleft\" src=\"https:\/\/mercura.test-sites.fr\/media\/uploads\/2017\/09\/logo-google.jpg\" sizes=\"(max-width: 100px) 100vw, 100px\" srcset=\"https:\/\/mercura.test-sites.fr\/media\/uploads\/2017\/09\/logo-google.jpg 490w, https:\/\/mercura.test-sites.fr\/media\/uploads\/2017\/09\/logo-google-300x294.jpg 300w\" alt=\"\" width=\"100\" height=\"98\" \/><\/div>\n<div><\/div>\n<div>Ahora, Mercura est\u00e1 en Google +<br \/>\n\u00a1\u00danase a nosotros para seguir todas nuestras noticias y compartir sus fotos y videos con nosotros!<\/div>\n<p><strong><a href=\"https:\/\/plus.google.com\/115520019034943620615\" rel=\"publisher\">S\u00edganos en Google+<\/a><\/strong><\/p>\n<p>&nbsp;<\/p>\n<hr \/>\n<\/div>\n<\/div>\n<div class=\"bloc\">\n<div class=\"blocDetail left\">\n<h3>\u00a0Viad\u00e9o<\/h3>\n<p><img decoding=\"async\" loading=\"lazy\" class=\"wp-image-13796 alignleft img-responsive\" src=\"https:\/\/mercura.test-sites.fr\/media\/uploads\/2017\/09\/logo-viadeo.png\" sizes=\"(max-width: 100px) 100vw, 100px\" srcset=\"https:\/\/mercura.test-sites.fr\/media\/uploads\/2017\/09\/logo-viadeo.png 465w, https:\/\/mercura.test-sites.fr\/media\/uploads\/2017\/09\/logo-viadeo-150x150.png 150w, https:\/\/mercura.test-sites.fr\/media\/uploads\/2017\/09\/logo-viadeo-300x300.png 300w\" alt=\"\" width=\"100\" height=\"100\" \/><\/p>\n<p>&nbsp;<\/p>\n<p>Tambi\u00e9n puede encontrar toda la informaci\u00f3n sobre Mercura en Viad\u00e9o.<\/p>\n<p><a href=\"http:\/\/www.viadeo.com\/fr\/company\/mercura\"><strong>S\u00edganos en Viad\u00e9o<\/strong><\/a><\/p>\n<\/div>\n<\/div>\n<\/div>\n<\/div>\n","protected":false},"excerpt":{"rendered":"<p>Redes sociales Visite nuestra Facebook p\u00e1gina Mercura est\u00e1 en Facebook, haga clic en \u00abMe gusta\u00bb y acceda a todas nuestras noticias, eventos, novedades, fotos y videos. S\u00edganos en facebook [&hellip;]<\/p>\n","protected":false},"author":8,"featured_media":0,"parent":13844,"menu_order":0,"comment_status":"closed","ping_status":"closed","template":"","meta":[],"acf":[],"yoast_head":"<!-- This site is optimized with the Yoast SEO plugin v19.14 - https:\/\/yoast.com\/wordpress\/plugins\/seo\/ -->\n<title>Standby Mercura - Noticias e informaci\u00f3n<\/title>\n<meta name=\"description\" content=\"Standby Mercura - Encuentra todas las noticias, eventos e informaci\u00f3n de nuestro grupo l\u00edder en se\u00f1alizaci\u00f3n luminosa y sonora\" \/>\n<meta name=\"robots\" content=\"noindex, follow\" \/>\n<meta name=\"twitter:label1\" content=\"Tiempo de lectura\" \/>\n\t<meta name=\"twitter:data1\" content=\"1 minuto\" \/>\n<script type=\"application\/ld+json\" class=\"yoast-schema-graph\">{\"@context\":\"https:\/\/schema.org\",\"@graph\":[{\"@type\":\"WebPage\",\"@id\":\"https:\/\/mercura.test-sites.fr\/es\/mercura\/redes-sociales\/\",\"url\":\"https:\/\/mercura.test-sites.fr\/es\/mercura\/redes-sociales\/\",\"name\":\"Standby Mercura - Noticias e informaci\u00f3n\",\"isPartOf\":{\"@id\":\"https:\/\/mercura.test-sites.fr\/#website\"},\"datePublished\":\"2017-09-28T12:10:05+00:00\",\"dateModified\":\"2022-05-23T08:45:23+00:00\",\"description\":\"Standby Mercura - Encuentra todas las noticias, eventos e informaci\u00f3n de nuestro grupo l\u00edder en se\u00f1alizaci\u00f3n luminosa y sonora\",\"breadcrumb\":{\"@id\":\"https:\/\/mercura.test-sites.fr\/es\/mercura\/redes-sociales\/#breadcrumb\"},\"inLanguage\":\"es\",\"potentialAction\":[{\"@type\":\"ReadAction\",\"target\":[\"https:\/\/mercura.test-sites.fr\/es\/mercura\/redes-sociales\/\"]}]},{\"@type\":\"BreadcrumbList\",\"@id\":\"https:\/\/mercura.test-sites.fr\/es\/mercura\/redes-sociales\/#breadcrumb\",\"itemListElement\":[{\"@type\":\"ListItem\",\"position\":1,\"name\":\"Home\",\"item\":\"https:\/\/mercura.test-sites.fr\/es\/home\/\"},{\"@type\":\"ListItem\",\"position\":2,\"name\":\"Mercura\",\"item\":\"https:\/\/mercura.test-sites.fr\/es\/mercura\/\"},{\"@type\":\"ListItem\",\"position\":3,\"name\":\"Redes sociales\"}]},{\"@type\":\"WebSite\",\"@id\":\"https:\/\/mercura.test-sites.fr\/#website\",\"url\":\"https:\/\/mercura.test-sites.fr\/\",\"name\":\"Mercura\",\"description\":\"\",\"publisher\":{\"@id\":\"https:\/\/mercura.test-sites.fr\/#organization\"},\"potentialAction\":[{\"@type\":\"SearchAction\",\"target\":{\"@type\":\"EntryPoint\",\"urlTemplate\":\"https:\/\/mercura.test-sites.fr\/?s={search_term_string}\"},\"query-input\":\"required name=search_term_string\"}],\"inLanguage\":\"es\"},{\"@type\":\"Organization\",\"@id\":\"https:\/\/mercura.test-sites.fr\/#organization\",\"name\":\"MERCURA\",\"url\":\"https:\/\/mercura.test-sites.fr\/\",\"logo\":{\"@type\":\"ImageObject\",\"inLanguage\":\"es\",\"@id\":\"https:\/\/mercura.test-sites.fr\/#\/schema\/logo\/image\/\",\"url\":\"https:\/\/mercura.test-sites.fr\/media\/uploads\/2022\/01\/standby-mercura-c-rvb-1-e1641214404108.jpg\",\"contentUrl\":\"https:\/\/mercura.test-sites.fr\/media\/uploads\/2022\/01\/standby-mercura-c-rvb-1-e1641214404108.jpg\",\"width\":\"200\",\"height\":\"76\",\"caption\":\"MERCURA\"},\"image\":{\"@id\":\"https:\/\/mercura.test-sites.fr\/#\/schema\/logo\/image\/\"}}]}<\/script>\n<!-- \/ Yoast SEO plugin. -->","yoast_head_json":{"title":"Standby Mercura - Noticias e informaci\u00f3n","description":"Standby Mercura - Encuentra todas las noticias, eventos e informaci\u00f3n de nuestro grupo l\u00edder en se\u00f1alizaci\u00f3n luminosa y sonora","robots":{"index":"noindex","follow":"follow"},"twitter_misc":{"Tiempo de lectura":"1 minuto"},"schema":{"@context":"https:\/\/schema.org","@graph":[{"@type":"WebPage","@id":"https:\/\/mercura.test-sites.fr\/es\/mercura\/redes-sociales\/","url":"https:\/\/mercura.test-sites.fr\/es\/mercura\/redes-sociales\/","name":"Standby Mercura - Noticias e informaci\u00f3n","isPartOf":{"@id":"https:\/\/mercura.test-sites.fr\/#website"},"datePublished":"2017-09-28T12:10:05+00:00","dateModified":"2022-05-23T08:45:23+00:00","description":"Standby Mercura - Encuentra todas las noticias, eventos e informaci\u00f3n de nuestro grupo l\u00edder en se\u00f1alizaci\u00f3n luminosa y sonora","breadcrumb":{"@id":"https:\/\/mercura.test-sites.fr\/es\/mercura\/redes-sociales\/#breadcrumb"},"inLanguage":"es","potentialAction":[{"@type":"ReadAction","target":["https:\/\/mercura.test-sites.fr\/es\/mercura\/redes-sociales\/"]}]},{"@type":"BreadcrumbList","@id":"https:\/\/mercura.test-sites.fr\/es\/mercura\/redes-sociales\/#breadcrumb","itemListElement":[{"@type":"ListItem","position":1,"name":"Home","item":"https:\/\/mercura.test-sites.fr\/es\/home\/"},{"@type":"ListItem","position":2,"name":"Mercura","item":"https:\/\/mercura.test-sites.fr\/es\/mercura\/"},{"@type":"ListItem","position":3,"name":"Redes sociales"}]},{"@type":"WebSite","@id":"https:\/\/mercura.test-sites.fr\/#website","url":"https:\/\/mercura.test-sites.fr\/","name":"Mercura","description":"","publisher":{"@id":"https:\/\/mercura.test-sites.fr\/#organization"},"potentialAction":[{"@type":"SearchAction","target":{"@type":"EntryPoint","urlTemplate":"https:\/\/mercura.test-sites.fr\/?s={search_term_string}"},"query-input":"required name=search_term_string"}],"inLanguage":"es"},{"@type":"Organization","@id":"https:\/\/mercura.test-sites.fr\/#organization","name":"MERCURA","url":"https:\/\/mercura.test-sites.fr\/","logo":{"@type":"ImageObject","inLanguage":"es","@id":"https:\/\/mercura.test-sites.fr\/#\/schema\/logo\/image\/","url":"https:\/\/mercura.test-sites.fr\/media\/uploads\/2022\/01\/standby-mercura-c-rvb-1-e1641214404108.jpg","contentUrl":"https:\/\/mercura.test-sites.fr\/media\/uploads\/2022\/01\/standby-mercura-c-rvb-1-e1641214404108.jpg","width":"200","height":"76","caption":"MERCURA"},"image":{"@id":"https:\/\/mercura.test-sites.fr\/#\/schema\/logo\/image\/"}}]}},"_links":{"self":[{"href":"https:\/\/mercura.test-sites.fr\/es\/wp-json\/wp\/v2\/pages\/13875"}],"collection":[{"href":"https:\/\/mercura.test-sites.fr\/es\/wp-json\/wp\/v2\/pages"}],"about":[{"href":"https:\/\/mercura.test-sites.fr\/es\/wp-json\/wp\/v2\/types\/page"}],"author":[{"embeddable":true,"href":"https:\/\/mercura.test-sites.fr\/es\/wp-json\/wp\/v2\/users\/8"}],"replies":[{"embeddable":true,"href":"https:\/\/mercura.test-sites.fr\/es\/wp-json\/wp\/v2\/comments?post=13875"}],"version-history":[{"count":3,"href":"https:\/\/mercura.test-sites.fr\/es\/wp-json\/wp\/v2\/pages\/13875\/revisions"}],"predecessor-version":[{"id":13880,"href":"https:\/\/mercura.test-sites.fr\/es\/wp-json\/wp\/v2\/pages\/13875\/revisions\/13880"}],"up":[{"embeddable":true,"href":"https:\/\/mercura.test-sites.fr\/es\/wp-json\/wp\/v2\/pages\/13844"}],"wp:attachment":[{"href":"https:\/\/mercura.test-sites.fr\/es\/wp-json\/wp\/v2\/media?parent=13875"}],"curies":[{"name":"wp","href":"https:\/\/api.w.org\/{rel}","templated":true}]}}