{"id":13866,"date":"2017-09-28T13:56:41","date_gmt":"2017-09-28T11:56:41","guid":{"rendered":"https:\/\/mercura.test-sites.fr\/?page_id=13866"},"modified":"2022-05-23T10:45:18","modified_gmt":"2022-05-23T08:45:18","slug":"nuestra-red","status":"publish","type":"page","link":"https:\/\/mercura.test-sites.fr\/es\/mercura\/nuestra-red\/","title":{"rendered":"Nuestra red"},"content":{"rendered":"<h1>Nuestra red<\/h1>\n<h1><img decoding=\"async\" loading=\"lazy\" class=\"size-full wp-image-12747 aligncenter\" src=\"https:\/\/mercura.test-sites.fr\/media\/uploads\/2017\/04\/reseau-international-mercura.jpg\" alt=\"\" width=\"961\" height=\"1178\" srcset=\"https:\/\/mercura.test-sites.fr\/media\/uploads\/2017\/04\/reseau-international-mercura.jpg 961w, https:\/\/mercura.test-sites.fr\/media\/uploads\/2017\/04\/reseau-international-mercura-300x368.jpg 300w, https:\/\/mercura.test-sites.fr\/media\/uploads\/2017\/04\/reseau-international-mercura-768x941.jpg 768w, https:\/\/mercura.test-sites.fr\/media\/uploads\/2017\/04\/reseau-international-mercura-720x883.jpg 720w\" sizes=\"(max-width: 961px) 100vw, 961px\" \/><\/h1>\n","protected":false},"excerpt":{"rendered":"<p>Nuestra red<\/p>\n","protected":false},"author":8,"featured_media":0,"parent":13844,"menu_order":0,"comment_status":"closed","ping_status":"closed","template":"","meta":[],"acf":[],"yoast_head":"<!-- This site is optimized with the Yoast SEO plugin v19.14 - https:\/\/yoast.com\/wordpress\/plugins\/seo\/ -->\n<title>Red Standby Mercura - Para profesionales en se\u00f1alizaci\u00f3n a bordo<\/title>\n<meta name=\"description\" content=\"Red Standby Mercura - Profesional consolidado y reconocido en la se\u00f1alizaci\u00f3n a bordo, \u00fanete a la red y distribuidor de Standby Group.\" \/>\n<meta name=\"robots\" content=\"noindex, follow\" \/>\n<script type=\"application\/ld+json\" class=\"yoast-schema-graph\">{\"@context\":\"https:\/\/schema.org\",\"@graph\":[{\"@type\":\"WebPage\",\"@id\":\"https:\/\/mercura.test-sites.fr\/es\/mercura\/nuestra-red\/\",\"url\":\"https:\/\/mercura.test-sites.fr\/es\/mercura\/nuestra-red\/\",\"name\":\"Red Standby Mercura - Para profesionales en se\u00f1alizaci\u00f3n a bordo\",\"isPartOf\":{\"@id\":\"https:\/\/mercura.test-sites.fr\/#website\"},\"datePublished\":\"2017-09-28T11:56:41+00:00\",\"dateModified\":\"2022-05-23T08:45:18+00:00\",\"description\":\"Red Standby Mercura - Profesional consolidado y reconocido en la se\u00f1alizaci\u00f3n a bordo, \u00fanete a la red y distribuidor de Standby Group.\",\"breadcrumb\":{\"@id\":\"https:\/\/mercura.test-sites.fr\/es\/mercura\/nuestra-red\/#breadcrumb\"},\"inLanguage\":\"es\",\"potentialAction\":[{\"@type\":\"ReadAction\",\"target\":[\"https:\/\/mercura.test-sites.fr\/es\/mercura\/nuestra-red\/\"]}]},{\"@type\":\"BreadcrumbList\",\"@id\":\"https:\/\/mercura.test-sites.fr\/es\/mercura\/nuestra-red\/#breadcrumb\",\"itemListElement\":[{\"@type\":\"ListItem\",\"position\":1,\"name\":\"Home\",\"item\":\"https:\/\/mercura.test-sites.fr\/es\/home\/\"},{\"@type\":\"ListItem\",\"position\":2,\"name\":\"Mercura\",\"item\":\"https:\/\/mercura.test-sites.fr\/es\/mercura\/\"},{\"@type\":\"ListItem\",\"position\":3,\"name\":\"Nuestra red\"}]},{\"@type\":\"WebSite\",\"@id\":\"https:\/\/mercura.test-sites.fr\/#website\",\"url\":\"https:\/\/mercura.test-sites.fr\/\",\"name\":\"Mercura\",\"description\":\"\",\"publisher\":{\"@id\":\"https:\/\/mercura.test-sites.fr\/#organization\"},\"potentialAction\":[{\"@type\":\"SearchAction\",\"target\":{\"@type\":\"EntryPoint\",\"urlTemplate\":\"https:\/\/mercura.test-sites.fr\/?s={search_term_string}\"},\"query-input\":\"required name=search_term_string\"}],\"inLanguage\":\"es\"},{\"@type\":\"Organization\",\"@id\":\"https:\/\/mercura.test-sites.fr\/#organization\",\"name\":\"MERCURA\",\"url\":\"https:\/\/mercura.test-sites.fr\/\",\"logo\":{\"@type\":\"ImageObject\",\"inLanguage\":\"es\",\"@id\":\"https:\/\/mercura.test-sites.fr\/#\/schema\/logo\/image\/\",\"url\":\"https:\/\/mercura.test-sites.fr\/media\/uploads\/2022\/01\/standby-mercura-c-rvb-1-e1641214404108.jpg\",\"contentUrl\":\"https:\/\/mercura.test-sites.fr\/media\/uploads\/2022\/01\/standby-mercura-c-rvb-1-e1641214404108.jpg\",\"width\":\"200\",\"height\":\"76\",\"caption\":\"MERCURA\"},\"image\":{\"@id\":\"https:\/\/mercura.test-sites.fr\/#\/schema\/logo\/image\/\"}}]}<\/script>\n<!-- \/ Yoast SEO plugin. -->","yoast_head_json":{"title":"Red Standby Mercura - Para profesionales en se\u00f1alizaci\u00f3n a bordo","description":"Red Standby Mercura - Profesional consolidado y reconocido en la se\u00f1alizaci\u00f3n a bordo, \u00fanete a la red y distribuidor de Standby Group.","robots":{"index":"noindex","follow":"follow"},"schema":{"@context":"https:\/\/schema.org","@graph":[{"@type":"WebPage","@id":"https:\/\/mercura.test-sites.fr\/es\/mercura\/nuestra-red\/","url":"https:\/\/mercura.test-sites.fr\/es\/mercura\/nuestra-red\/","name":"Red Standby Mercura - Para profesionales en se\u00f1alizaci\u00f3n a bordo","isPartOf":{"@id":"https:\/\/mercura.test-sites.fr\/#website"},"datePublished":"2017-09-28T11:56:41+00:00","dateModified":"2022-05-23T08:45:18+00:00","description":"Red Standby Mercura - Profesional consolidado y reconocido en la se\u00f1alizaci\u00f3n a bordo, \u00fanete a la red y distribuidor de Standby Group.","breadcrumb":{"@id":"https:\/\/mercura.test-sites.fr\/es\/mercura\/nuestra-red\/#breadcrumb"},"inLanguage":"es","potentialAction":[{"@type":"ReadAction","target":["https:\/\/mercura.test-sites.fr\/es\/mercura\/nuestra-red\/"]}]},{"@type":"BreadcrumbList","@id":"https:\/\/mercura.test-sites.fr\/es\/mercura\/nuestra-red\/#breadcrumb","itemListElement":[{"@type":"ListItem","position":1,"name":"Home","item":"https:\/\/mercura.test-sites.fr\/es\/home\/"},{"@type":"ListItem","position":2,"name":"Mercura","item":"https:\/\/mercura.test-sites.fr\/es\/mercura\/"},{"@type":"ListItem","position":3,"name":"Nuestra red"}]},{"@type":"WebSite","@id":"https:\/\/mercura.test-sites.fr\/#website","url":"https:\/\/mercura.test-sites.fr\/","name":"Mercura","description":"","publisher":{"@id":"https:\/\/mercura.test-sites.fr\/#organization"},"potentialAction":[{"@type":"SearchAction","target":{"@type":"EntryPoint","urlTemplate":"https:\/\/mercura.test-sites.fr\/?s={search_term_string}"},"query-input":"required name=search_term_string"}],"inLanguage":"es"},{"@type":"Organization","@id":"https:\/\/mercura.test-sites.fr\/#organization","name":"MERCURA","url":"https:\/\/mercura.test-sites.fr\/","logo":{"@type":"ImageObject","inLanguage":"es","@id":"https:\/\/mercura.test-sites.fr\/#\/schema\/logo\/image\/","url":"https:\/\/mercura.test-sites.fr\/media\/uploads\/2022\/01\/standby-mercura-c-rvb-1-e1641214404108.jpg","contentUrl":"https:\/\/mercura.test-sites.fr\/media\/uploads\/2022\/01\/standby-mercura-c-rvb-1-e1641214404108.jpg","width":"200","height":"76","caption":"MERCURA"},"image":{"@id":"https:\/\/mercura.test-sites.fr\/#\/schema\/logo\/image\/"}}]}},"_links":{"self":[{"href":"https:\/\/mercura.test-sites.fr\/es\/wp-json\/wp\/v2\/pages\/13866"}],"collection":[{"href":"https:\/\/mercura.test-sites.fr\/es\/wp-json\/wp\/v2\/pages"}],"about":[{"href":"https:\/\/mercura.test-sites.fr\/es\/wp-json\/wp\/v2\/types\/page"}],"author":[{"embeddable":true,"href":"https:\/\/mercura.test-sites.fr\/es\/wp-json\/wp\/v2\/users\/8"}],"replies":[{"embeddable":true,"href":"https:\/\/mercura.test-sites.fr\/es\/wp-json\/wp\/v2\/comments?post=13866"}],"version-history":[{"count":3,"href":"https:\/\/mercura.test-sites.fr\/es\/wp-json\/wp\/v2\/pages\/13866\/revisions"}],"predecessor-version":[{"id":24903,"href":"https:\/\/mercura.test-sites.fr\/es\/wp-json\/wp\/v2\/pages\/13866\/revisions\/24903"}],"up":[{"embeddable":true,"href":"https:\/\/mercura.test-sites.fr\/es\/wp-json\/wp\/v2\/pages\/13844"}],"wp:attachment":[{"href":"https:\/\/mercura.test-sites.fr\/es\/wp-json\/wp\/v2\/media?parent=13866"}],"curies":[{"name":"wp","href":"https:\/\/api.w.org\/{rel}","templated":true}]}}