{"id":13852,"date":"2017-09-28T13:34:42","date_gmt":"2017-09-28T11:34:42","guid":{"rendered":"https:\/\/mercura.test-sites.fr\/?page_id=13852"},"modified":"2022-05-23T10:45:20","modified_gmt":"2022-05-23T08:45:20","slug":"historial","status":"publish","type":"page","link":"https:\/\/mercura.test-sites.fr\/es\/mercura\/historial\/","title":{"rendered":"Historial"},"content":{"rendered":"<h1>Historial<\/h1>\n<p>&nbsp;<\/p>\n<p><img decoding=\"async\" loading=\"lazy\" class=\"size-full wp-image-13856 aligncenter\" src=\"https:\/\/mercura.test-sites.fr\/media\/uploads\/2017\/09\/frisa-chronologica.png\" alt=\"\" width=\"891\" height=\"469\" srcset=\"https:\/\/mercura.test-sites.fr\/media\/uploads\/2017\/09\/frisa-chronologica.png 891w, https:\/\/mercura.test-sites.fr\/media\/uploads\/2017\/09\/frisa-chronologica-300x158.png 300w, https:\/\/mercura.test-sites.fr\/media\/uploads\/2017\/09\/frisa-chronologica-768x404.png 768w, https:\/\/mercura.test-sites.fr\/media\/uploads\/2017\/09\/frisa-chronologica-720x379.png 720w\" sizes=\"(max-width: 891px) 100vw, 891px\" \/><\/p>\n<p>&nbsp;<\/p>\n<p><img decoding=\"async\" loading=\"lazy\" class=\"size-full wp-image-13859 aligncenter\" src=\"https:\/\/mercura.test-sites.fr\/media\/uploads\/2017\/09\/standby2014.png\" alt=\"\" width=\"854\" height=\"262\" srcset=\"https:\/\/mercura.test-sites.fr\/media\/uploads\/2017\/09\/standby2014.png 854w, https:\/\/mercura.test-sites.fr\/media\/uploads\/2017\/09\/standby2014-300x92.png 300w, https:\/\/mercura.test-sites.fr\/media\/uploads\/2017\/09\/standby2014-768x236.png 768w, https:\/\/mercura.test-sites.fr\/media\/uploads\/2017\/09\/standby2014-720x221.png 720w\" sizes=\"(max-width: 854px) 100vw, 854px\" \/><\/p>\n<p>&nbsp;<\/p>\n<h2>Las cifras clave<\/h2>\n<p>&nbsp;<\/p>\n<p><img decoding=\"async\" loading=\"lazy\" class=\"size-full wp-image-13853 aligncenter\" src=\"https:\/\/mercura.test-sites.fr\/media\/uploads\/2017\/09\/cifras-clave.png\" alt=\"\" width=\"784\" height=\"118\" srcset=\"https:\/\/mercura.test-sites.fr\/media\/uploads\/2017\/09\/cifras-clave.png 784w, https:\/\/mercura.test-sites.fr\/media\/uploads\/2017\/09\/cifras-clave-300x45.png 300w, https:\/\/mercura.test-sites.fr\/media\/uploads\/2017\/09\/cifras-clave-768x116.png 768w, https:\/\/mercura.test-sites.fr\/media\/uploads\/2017\/09\/cifras-clave-720x108.png 720w\" sizes=\"(max-width: 784px) 100vw, 784px\" \/><\/p>\n","protected":false},"excerpt":{"rendered":"<p>Historial &nbsp; &nbsp; &nbsp; Las cifras clave &nbsp;<\/p>\n","protected":false},"author":8,"featured_media":0,"parent":13844,"menu_order":0,"comment_status":"closed","ping_status":"closed","template":"","meta":[],"acf":[],"yoast_head":"<!-- This site is optimized with the Yoast SEO plugin v19.14 - https:\/\/yoast.com\/wordpress\/plugins\/seo\/ -->\n<title>Historial Standby Mercura - Evoluci\u00f3n de la sociedad<\/title>\n<meta name=\"description\" content=\"Historial Standby Mercura - Evoluci\u00f3n de la sociedad desde su creaci\u00f3n hasta la actualidad en la fabricaci\u00f3n y venta de la se\u00f1alizaci\u00f3n luminosa para veh\u00edculos.\" \/>\n<meta name=\"robots\" content=\"noindex, follow\" \/>\n<script type=\"application\/ld+json\" class=\"yoast-schema-graph\">{\"@context\":\"https:\/\/schema.org\",\"@graph\":[{\"@type\":\"WebPage\",\"@id\":\"https:\/\/mercura.test-sites.fr\/es\/mercura\/historial\/\",\"url\":\"https:\/\/mercura.test-sites.fr\/es\/mercura\/historial\/\",\"name\":\"Historial Standby Mercura - Evoluci\u00f3n de la sociedad\",\"isPartOf\":{\"@id\":\"https:\/\/mercura.test-sites.fr\/#website\"},\"datePublished\":\"2017-09-28T11:34:42+00:00\",\"dateModified\":\"2022-05-23T08:45:20+00:00\",\"description\":\"Historial Standby Mercura - Evoluci\u00f3n de la sociedad desde su creaci\u00f3n hasta la actualidad en la fabricaci\u00f3n y venta de la se\u00f1alizaci\u00f3n luminosa para veh\u00edculos.\",\"breadcrumb\":{\"@id\":\"https:\/\/mercura.test-sites.fr\/es\/mercura\/historial\/#breadcrumb\"},\"inLanguage\":\"es\",\"potentialAction\":[{\"@type\":\"ReadAction\",\"target\":[\"https:\/\/mercura.test-sites.fr\/es\/mercura\/historial\/\"]}]},{\"@type\":\"BreadcrumbList\",\"@id\":\"https:\/\/mercura.test-sites.fr\/es\/mercura\/historial\/#breadcrumb\",\"itemListElement\":[{\"@type\":\"ListItem\",\"position\":1,\"name\":\"Home\",\"item\":\"https:\/\/mercura.test-sites.fr\/es\/home\/\"},{\"@type\":\"ListItem\",\"position\":2,\"name\":\"Mercura\",\"item\":\"https:\/\/mercura.test-sites.fr\/es\/mercura\/\"},{\"@type\":\"ListItem\",\"position\":3,\"name\":\"Historial\"}]},{\"@type\":\"WebSite\",\"@id\":\"https:\/\/mercura.test-sites.fr\/#website\",\"url\":\"https:\/\/mercura.test-sites.fr\/\",\"name\":\"Mercura\",\"description\":\"\",\"publisher\":{\"@id\":\"https:\/\/mercura.test-sites.fr\/#organization\"},\"potentialAction\":[{\"@type\":\"SearchAction\",\"target\":{\"@type\":\"EntryPoint\",\"urlTemplate\":\"https:\/\/mercura.test-sites.fr\/?s={search_term_string}\"},\"query-input\":\"required name=search_term_string\"}],\"inLanguage\":\"es\"},{\"@type\":\"Organization\",\"@id\":\"https:\/\/mercura.test-sites.fr\/#organization\",\"name\":\"MERCURA\",\"url\":\"https:\/\/mercura.test-sites.fr\/\",\"logo\":{\"@type\":\"ImageObject\",\"inLanguage\":\"es\",\"@id\":\"https:\/\/mercura.test-sites.fr\/#\/schema\/logo\/image\/\",\"url\":\"https:\/\/mercura.test-sites.fr\/media\/uploads\/2022\/01\/standby-mercura-c-rvb-1-e1641214404108.jpg\",\"contentUrl\":\"https:\/\/mercura.test-sites.fr\/media\/uploads\/2022\/01\/standby-mercura-c-rvb-1-e1641214404108.jpg\",\"width\":\"200\",\"height\":\"76\",\"caption\":\"MERCURA\"},\"image\":{\"@id\":\"https:\/\/mercura.test-sites.fr\/#\/schema\/logo\/image\/\"}}]}<\/script>\n<!-- \/ Yoast SEO plugin. -->","yoast_head_json":{"title":"Historial Standby Mercura - Evoluci\u00f3n de la sociedad","description":"Historial Standby Mercura - Evoluci\u00f3n de la sociedad desde su creaci\u00f3n hasta la actualidad en la fabricaci\u00f3n y venta de la se\u00f1alizaci\u00f3n luminosa para veh\u00edculos.","robots":{"index":"noindex","follow":"follow"},"schema":{"@context":"https:\/\/schema.org","@graph":[{"@type":"WebPage","@id":"https:\/\/mercura.test-sites.fr\/es\/mercura\/historial\/","url":"https:\/\/mercura.test-sites.fr\/es\/mercura\/historial\/","name":"Historial Standby Mercura - Evoluci\u00f3n de la sociedad","isPartOf":{"@id":"https:\/\/mercura.test-sites.fr\/#website"},"datePublished":"2017-09-28T11:34:42+00:00","dateModified":"2022-05-23T08:45:20+00:00","description":"Historial Standby Mercura - Evoluci\u00f3n de la sociedad desde su creaci\u00f3n hasta la actualidad en la fabricaci\u00f3n y venta de la se\u00f1alizaci\u00f3n luminosa para veh\u00edculos.","breadcrumb":{"@id":"https:\/\/mercura.test-sites.fr\/es\/mercura\/historial\/#breadcrumb"},"inLanguage":"es","potentialAction":[{"@type":"ReadAction","target":["https:\/\/mercura.test-sites.fr\/es\/mercura\/historial\/"]}]},{"@type":"BreadcrumbList","@id":"https:\/\/mercura.test-sites.fr\/es\/mercura\/historial\/#breadcrumb","itemListElement":[{"@type":"ListItem","position":1,"name":"Home","item":"https:\/\/mercura.test-sites.fr\/es\/home\/"},{"@type":"ListItem","position":2,"name":"Mercura","item":"https:\/\/mercura.test-sites.fr\/es\/mercura\/"},{"@type":"ListItem","position":3,"name":"Historial"}]},{"@type":"WebSite","@id":"https:\/\/mercura.test-sites.fr\/#website","url":"https:\/\/mercura.test-sites.fr\/","name":"Mercura","description":"","publisher":{"@id":"https:\/\/mercura.test-sites.fr\/#organization"},"potentialAction":[{"@type":"SearchAction","target":{"@type":"EntryPoint","urlTemplate":"https:\/\/mercura.test-sites.fr\/?s={search_term_string}"},"query-input":"required name=search_term_string"}],"inLanguage":"es"},{"@type":"Organization","@id":"https:\/\/mercura.test-sites.fr\/#organization","name":"MERCURA","url":"https:\/\/mercura.test-sites.fr\/","logo":{"@type":"ImageObject","inLanguage":"es","@id":"https:\/\/mercura.test-sites.fr\/#\/schema\/logo\/image\/","url":"https:\/\/mercura.test-sites.fr\/media\/uploads\/2022\/01\/standby-mercura-c-rvb-1-e1641214404108.jpg","contentUrl":"https:\/\/mercura.test-sites.fr\/media\/uploads\/2022\/01\/standby-mercura-c-rvb-1-e1641214404108.jpg","width":"200","height":"76","caption":"MERCURA"},"image":{"@id":"https:\/\/mercura.test-sites.fr\/#\/schema\/logo\/image\/"}}]}},"_links":{"self":[{"href":"https:\/\/mercura.test-sites.fr\/es\/wp-json\/wp\/v2\/pages\/13852"}],"collection":[{"href":"https:\/\/mercura.test-sites.fr\/es\/wp-json\/wp\/v2\/pages"}],"about":[{"href":"https:\/\/mercura.test-sites.fr\/es\/wp-json\/wp\/v2\/types\/page"}],"author":[{"embeddable":true,"href":"https:\/\/mercura.test-sites.fr\/es\/wp-json\/wp\/v2\/users\/8"}],"replies":[{"embeddable":true,"href":"https:\/\/mercura.test-sites.fr\/es\/wp-json\/wp\/v2\/comments?post=13852"}],"version-history":[{"count":3,"href":"https:\/\/mercura.test-sites.fr\/es\/wp-json\/wp\/v2\/pages\/13852\/revisions"}],"predecessor-version":[{"id":13865,"href":"https:\/\/mercura.test-sites.fr\/es\/wp-json\/wp\/v2\/pages\/13852\/revisions\/13865"}],"up":[{"embeddable":true,"href":"https:\/\/mercura.test-sites.fr\/es\/wp-json\/wp\/v2\/pages\/13844"}],"wp:attachment":[{"href":"https:\/\/mercura.test-sites.fr\/es\/wp-json\/wp\/v2\/media?parent=13852"}],"curies":[{"name":"wp","href":"https:\/\/api.w.org\/{rel}","templated":true}]}}