{"id":13844,"date":"2017-04-14T08:49:14","date_gmt":"2017-04-14T06:49:14","guid":{"rendered":"https:\/\/mercura.test-sites.fr\/?page_id=13844"},"modified":"2022-05-23T10:45:19","modified_gmt":"2022-05-23T08:45:19","slug":"mercura","status":"publish","type":"page","link":"https:\/\/mercura.test-sites.fr\/es\/mercura\/","title":{"rendered":"Mercura"},"content":{"rendered":"<h1>Mercura<\/h1>\n<p>La sociedad <strong>MERCURA\u00ae<\/strong> es el l\u00edder franc\u00e9s de los equipamientos de se\u00f1alizaci\u00f3n luminosa y sonora a bordo de veh\u00edculos de emergencia y de servicio.<\/p>\n<p>Nos encargamos personalmente de la concepci\u00f3n, fabricaci\u00f3n y comercializaci\u00f3n de toda nuestra gama de productos en Francia y en Europa.<\/p>\n<p>Desde la <strong>gesti\u00f3n electr\u00f3nica<\/strong> de los veh\u00edculos de emergencia hasta la se\u00f1alizaci\u00f3n luminosa y sonora, as\u00ed como en el \u00e1mbito del <strong>control de velocidad<\/strong>, la innovaci\u00f3n es el n\u00facleo de nuestra cultura de empresa.<\/p>\n<p>Colaborador del Ministerio del Interior, Gendarmer\u00eda Nacional, Colectividades Territoriales, Consejos Comarcales, Sociedades de Autopistas, desde hace m\u00e1s de 20 a\u00f1os, desarrollamos nuestros conocimientos especializados y nuestro saber hacer en torno a un eje: la seguridad.<\/p>\n<p>Desde hace varios a\u00f1os, desarrollamos productos adaptados a las necesidades del mercado, conformes a las normativas.<\/p>\n<p>Mercura es igualmente un centro de formaci\u00f3n autorizado que acompa\u00f1a a sus colaboradores clientes en la elecci\u00f3n, instalaci\u00f3n y mantenimiento de los productos de se\u00f1alizaci\u00f3n.<\/p>\n<p>&nbsp;<\/p>\n<p><img decoding=\"async\" loading=\"lazy\" class=\"wp-image-12009 aligncenter\" src=\"https:\/\/mercura.test-sites.fr\/media\/uploads\/2017\/04\/picto-made-in-france-cerclage-gris-150x150.png\" alt=\"\" width=\"150\" height=\"150\" srcset=\"https:\/\/mercura.test-sites.fr\/media\/uploads\/2017\/04\/picto-made-in-france-cerclage-gris-150x150.png 150w, https:\/\/mercura.test-sites.fr\/media\/uploads\/2017\/04\/picto-made-in-france-cerclage-gris-300x300.png 300w, https:\/\/mercura.test-sites.fr\/media\/uploads\/2017\/04\/picto-made-in-france-cerclage-gris-768x768.png 768w, https:\/\/mercura.test-sites.fr\/media\/uploads\/2017\/04\/picto-made-in-france-cerclage-gris-720x720.png 720w, https:\/\/mercura.test-sites.fr\/media\/uploads\/2017\/04\/picto-made-in-france-cerclage-gris.png 1181w\" sizes=\"(max-width: 150px) 100vw, 150px\" \/><\/p>\n<p>&nbsp;<\/p>\n<p style=\"text-align: center;\">La fabricaci\u00f3n de los productos MERCURA\u00ae se sigue haciendo a m\u00e1s del 80% en Francia, en nuestros talleres, en centros penitenciarios o en ESAT (Establecimiento y Servicio de Ayuda mediante el Trabajo).<\/p>\n","protected":false},"excerpt":{"rendered":"<p>Mercura La sociedad MERCURA\u00ae es el l\u00edder franc\u00e9s de los equipamientos de se\u00f1alizaci\u00f3n luminosa y sonora a bordo de veh\u00edculos de emergencia y de servicio. Nos encargamos personalmente de [&hellip;]<\/p>\n","protected":false},"author":9,"featured_media":0,"parent":0,"menu_order":0,"comment_status":"closed","ping_status":"closed","template":"","meta":[],"acf":[],"yoast_head":"<!-- This site is optimized with the Yoast SEO plugin v19.14 - https:\/\/yoast.com\/wordpress\/plugins\/seo\/ -->\n<title>Acerca del Standby Mercura - equipamientos de se\u00f1alizaci\u00f3n de veh\u00edculos<\/title>\n<meta name=\"description\" content=\"Acerca del Standby Mercura - l\u00edder de los equipamientos de se\u00f1alizaci\u00f3n luminosa y sonora a bordo de veh\u00edculos de emergencia y de servicio.\" \/>\n<meta name=\"robots\" content=\"noindex, follow\" \/>\n<meta name=\"twitter:label1\" content=\"Tiempo de lectura\" \/>\n\t<meta name=\"twitter:data1\" content=\"1 minuto\" \/>\n<script type=\"application\/ld+json\" class=\"yoast-schema-graph\">{\"@context\":\"https:\/\/schema.org\",\"@graph\":[{\"@type\":\"WebPage\",\"@id\":\"https:\/\/mercura.test-sites.fr\/es\/mercura\/\",\"url\":\"https:\/\/mercura.test-sites.fr\/es\/mercura\/\",\"name\":\"Acerca del Standby Mercura - equipamientos de se\u00f1alizaci\u00f3n de veh\u00edculos\",\"isPartOf\":{\"@id\":\"https:\/\/mercura.test-sites.fr\/#website\"},\"datePublished\":\"2017-04-14T06:49:14+00:00\",\"dateModified\":\"2022-05-23T08:45:19+00:00\",\"description\":\"Acerca del Standby Mercura - l\u00edder de los equipamientos de se\u00f1alizaci\u00f3n luminosa y sonora a bordo de veh\u00edculos de emergencia y de servicio.\",\"breadcrumb\":{\"@id\":\"https:\/\/mercura.test-sites.fr\/es\/mercura\/#breadcrumb\"},\"inLanguage\":\"es\",\"potentialAction\":[{\"@type\":\"ReadAction\",\"target\":[\"https:\/\/mercura.test-sites.fr\/es\/mercura\/\"]}]},{\"@type\":\"BreadcrumbList\",\"@id\":\"https:\/\/mercura.test-sites.fr\/es\/mercura\/#breadcrumb\",\"itemListElement\":[{\"@type\":\"ListItem\",\"position\":1,\"name\":\"Home\",\"item\":\"https:\/\/mercura.test-sites.fr\/es\/home\/\"},{\"@type\":\"ListItem\",\"position\":2,\"name\":\"Mercura\"}]},{\"@type\":\"WebSite\",\"@id\":\"https:\/\/mercura.test-sites.fr\/#website\",\"url\":\"https:\/\/mercura.test-sites.fr\/\",\"name\":\"Mercura\",\"description\":\"\",\"publisher\":{\"@id\":\"https:\/\/mercura.test-sites.fr\/#organization\"},\"potentialAction\":[{\"@type\":\"SearchAction\",\"target\":{\"@type\":\"EntryPoint\",\"urlTemplate\":\"https:\/\/mercura.test-sites.fr\/?s={search_term_string}\"},\"query-input\":\"required name=search_term_string\"}],\"inLanguage\":\"es\"},{\"@type\":\"Organization\",\"@id\":\"https:\/\/mercura.test-sites.fr\/#organization\",\"name\":\"MERCURA\",\"url\":\"https:\/\/mercura.test-sites.fr\/\",\"logo\":{\"@type\":\"ImageObject\",\"inLanguage\":\"es\",\"@id\":\"https:\/\/mercura.test-sites.fr\/#\/schema\/logo\/image\/\",\"url\":\"https:\/\/mercura.test-sites.fr\/media\/uploads\/2022\/01\/standby-mercura-c-rvb-1-e1641214404108.jpg\",\"contentUrl\":\"https:\/\/mercura.test-sites.fr\/media\/uploads\/2022\/01\/standby-mercura-c-rvb-1-e1641214404108.jpg\",\"width\":\"200\",\"height\":\"76\",\"caption\":\"MERCURA\"},\"image\":{\"@id\":\"https:\/\/mercura.test-sites.fr\/#\/schema\/logo\/image\/\"}}]}<\/script>\n<!-- \/ Yoast SEO plugin. -->","yoast_head_json":{"title":"Acerca del Standby Mercura - equipamientos de se\u00f1alizaci\u00f3n de veh\u00edculos","description":"Acerca del Standby Mercura - l\u00edder de los equipamientos de se\u00f1alizaci\u00f3n luminosa y sonora a bordo de veh\u00edculos de emergencia y de servicio.","robots":{"index":"noindex","follow":"follow"},"twitter_misc":{"Tiempo de lectura":"1 minuto"},"schema":{"@context":"https:\/\/schema.org","@graph":[{"@type":"WebPage","@id":"https:\/\/mercura.test-sites.fr\/es\/mercura\/","url":"https:\/\/mercura.test-sites.fr\/es\/mercura\/","name":"Acerca del Standby Mercura - equipamientos de se\u00f1alizaci\u00f3n de veh\u00edculos","isPartOf":{"@id":"https:\/\/mercura.test-sites.fr\/#website"},"datePublished":"2017-04-14T06:49:14+00:00","dateModified":"2022-05-23T08:45:19+00:00","description":"Acerca del Standby Mercura - l\u00edder de los equipamientos de se\u00f1alizaci\u00f3n luminosa y sonora a bordo de veh\u00edculos de emergencia y de servicio.","breadcrumb":{"@id":"https:\/\/mercura.test-sites.fr\/es\/mercura\/#breadcrumb"},"inLanguage":"es","potentialAction":[{"@type":"ReadAction","target":["https:\/\/mercura.test-sites.fr\/es\/mercura\/"]}]},{"@type":"BreadcrumbList","@id":"https:\/\/mercura.test-sites.fr\/es\/mercura\/#breadcrumb","itemListElement":[{"@type":"ListItem","position":1,"name":"Home","item":"https:\/\/mercura.test-sites.fr\/es\/home\/"},{"@type":"ListItem","position":2,"name":"Mercura"}]},{"@type":"WebSite","@id":"https:\/\/mercura.test-sites.fr\/#website","url":"https:\/\/mercura.test-sites.fr\/","name":"Mercura","description":"","publisher":{"@id":"https:\/\/mercura.test-sites.fr\/#organization"},"potentialAction":[{"@type":"SearchAction","target":{"@type":"EntryPoint","urlTemplate":"https:\/\/mercura.test-sites.fr\/?s={search_term_string}"},"query-input":"required name=search_term_string"}],"inLanguage":"es"},{"@type":"Organization","@id":"https:\/\/mercura.test-sites.fr\/#organization","name":"MERCURA","url":"https:\/\/mercura.test-sites.fr\/","logo":{"@type":"ImageObject","inLanguage":"es","@id":"https:\/\/mercura.test-sites.fr\/#\/schema\/logo\/image\/","url":"https:\/\/mercura.test-sites.fr\/media\/uploads\/2022\/01\/standby-mercura-c-rvb-1-e1641214404108.jpg","contentUrl":"https:\/\/mercura.test-sites.fr\/media\/uploads\/2022\/01\/standby-mercura-c-rvb-1-e1641214404108.jpg","width":"200","height":"76","caption":"MERCURA"},"image":{"@id":"https:\/\/mercura.test-sites.fr\/#\/schema\/logo\/image\/"}}]}},"_links":{"self":[{"href":"https:\/\/mercura.test-sites.fr\/es\/wp-json\/wp\/v2\/pages\/13844"}],"collection":[{"href":"https:\/\/mercura.test-sites.fr\/es\/wp-json\/wp\/v2\/pages"}],"about":[{"href":"https:\/\/mercura.test-sites.fr\/es\/wp-json\/wp\/v2\/types\/page"}],"author":[{"embeddable":true,"href":"https:\/\/mercura.test-sites.fr\/es\/wp-json\/wp\/v2\/users\/9"}],"replies":[{"embeddable":true,"href":"https:\/\/mercura.test-sites.fr\/es\/wp-json\/wp\/v2\/comments?post=13844"}],"version-history":[{"count":4,"href":"https:\/\/mercura.test-sites.fr\/es\/wp-json\/wp\/v2\/pages\/13844\/revisions"}],"predecessor-version":[{"id":24904,"href":"https:\/\/mercura.test-sites.fr\/es\/wp-json\/wp\/v2\/pages\/13844\/revisions\/24904"}],"wp:attachment":[{"href":"https:\/\/mercura.test-sites.fr\/es\/wp-json\/wp\/v2\/media?parent=13844"}],"curies":[{"name":"wp","href":"https:\/\/api.w.org\/{rel}","templated":true}]}}